{"id":612,"date":"2022-10-16T12:42:15","date_gmt":"2022-10-16T12:42:15","guid":{"rendered":"https:\/\/eurosegway.pt\/politica-de-privacidade\/"},"modified":"2022-12-17T11:47:44","modified_gmt":"2022-12-17T11:47:44","slug":"politica-de-privacidade","status":"publish","type":"page","link":"https:\/\/eurosegway.pt\/pt-pt\/politica-de-privacidade\/","title":{"rendered":"Pol\u00edtica de Privacidade"},"content":{"rendered":"<p>Esta pol\u00edtica de privacidade descreve os dados pessoais coletados ou gerados (processados) quando voc\u00ea usa os sites da Euro Segway (\u201cSites\u201d) e aplicativos m\u00f3veis (\u201cApps\u201d). Tamb\u00e9m explica como seus dados pessoais s\u00e3o usados, compartilhados e protegidos, quais op\u00e7\u00f5es voc\u00ea tem em rela\u00e7\u00e3o aos seus dados pessoais e como voc\u00ea pode entrar em contato conosco.<\/p>\n<h3>QUEM \u00e9 respons\u00e1vel pelo processamento de seus dados pessoais?<\/h3>\n<p>A entidade da Euro Segway respons\u00e1vel pelo processamento de seus dados pessoais depender\u00e1 de como voc\u00ea interage com os Sites e Aplicativos da Euro Segway e onde voc\u00ea est\u00e1 localizado no mundo. A entidade Euro Segway relevante \u00e9 referida como &#8220;Euro Segway&#8221;, &#8220;nosso&#8221;, &#8220;n\u00f3s&#8221; ou &#8220;nos&#8221; nesta pol\u00edtica de privacidade.<\/p>\n<p>Consulte nossa Lista de Entidades Locais para obter o nome da entidade Euro Segway respons\u00e1vel e as informa\u00e7\u00f5es de contato apropriadas.<\/p>\n<h3>QUAIS dados pessoais coletamos e QUANDO?<\/h3>\n<p>Pedimos determinados dados pessoais para fornecer os produtos ou servi\u00e7os solicitados. Por exemplo, ao fazer compras, entrar em contato com nossos servi\u00e7os ao consumidor, solicitar o recebimento de comunica\u00e7\u00f5es, criar uma conta, participar de nossos eventos ou concursos ou usar nossos Sites ou Aplicativos.<\/p>\n<p>Esses dados pessoais incluem:<\/p>\n<p>detalhes de contato, incluindo nome, e-mail, n\u00famero de telefone e envio, endere\u00e7o de cobran\u00e7a;<br \/>informa\u00e7\u00f5es de login e conta, incluindo nome de tela, senha e ID de usu\u00e1rio exclusivo;<br \/>detalhes pessoais, incluindo sexo, cidade natal, data de hist\u00f3rico de nascimento e compras;<br \/>prefer\u00eancias pessoais, incluindo sua lista de desejos, bem como prefer\u00eancias de marketing e cookies.<br \/>informa\u00e7\u00f5es de redes sociais, incluindo credenciais e quaisquer informa\u00e7\u00f5es de suas postagens p\u00fablicas sobre o Euro Segway ou suas comunica\u00e7\u00f5es conosco.< br \/>Ao interagir com nossos Sites e Aplicativos, determinados dados s\u00e3o coletados automaticamente do seu dispositivo ou navegador da web. Mais informa\u00e7\u00f5es sobre essas pr\u00e1ticas est\u00e3o inclu\u00eddas na se\u00e7\u00e3o \u201cCookies e Pixel Tags\u201d desta pol\u00edtica de privacidade abaixo. Esses dados incluem:<\/p>\n<p>IDs de dispositivos, estado de chamada, acesso \u00e0 rede, informa\u00e7\u00f5es de armazenamento e informa\u00e7\u00f5es de bateria; e<br \/>Cookies, endere\u00e7os IP, cabe\u00e7alhos de refer\u00eancia, dados que identificam seu navegador e vers\u00e3o da web e web beacons e tags.<\/p>\n<h3>Crian\u00e7as<\/h3>\n<p>Cumprimos as leis locais e n\u00e3o permitimos que crian\u00e7as se registrem em nossos Sites ou Aplicativos quando estiverem abaixo do limite de idade legal do pa\u00eds em que residem. Solicitaremos o consentimento dos pais para crian\u00e7as que participem de experi\u00eancias e eventos do Euro Segway.<\/p>\n<h3>FERRAMENTAS para gerenciar quais dados pessoais coletamos<\/h3>\n<p>Ao usar nossos aplicativos e sites, tamb\u00e9m fornecemos avisos atempados ou obtemos consentimento para determinadas pr\u00e1ticas. Por exemplo, obteremos consentimento para usar sua localiza\u00e7\u00e3o ou enviar notifica\u00e7\u00f5es push. Podemos obter esse consentimento por meio dos aplicativos ou sites ou usando as permiss\u00f5es padr\u00e3o dispon\u00edveis no seu dispositivo.<\/p>\n<p>Em muitos casos, seu navegador da Web ou plataforma de dispositivo m\u00f3vel fornecer\u00e1 ferramentas adicionais para permitir que voc\u00ea controle quando seu dispositivo coleta ou compartilha categorias espec\u00edficas de dados pessoais. Por exemplo, seu dispositivo m\u00f3vel ou navegador da web pode oferecer ferramentas para permitir que voc\u00ea gerencie o uso de cookies ou o compartilhamento de local. Recomendamos que voc\u00ea se familiarize e use as ferramentas dispon\u00edveis em seus dispositivos.<\/p>\n<h3>Por que e como usamos seus dados pessoais?<\/h3>\n<p>Usamos seus dados pessoais das seguintes maneiras:<\/p>\n<p><span style=\"text-decoration: underline;\">Para fornecer os recursos dos sites, aplicativos e servi\u00e7os solicitados<\/span><\/p>\n<p>Quando voc\u00ea usa nossos Sites e Aplicativos, usaremos seus dados pessoais para fornecer o produto ou servi\u00e7o solicitado. Por exemplo, se voc\u00ea fizer uma compra na web da Euro Segway ou participar de um evento ou promo\u00e7\u00e3o, usaremos as informa\u00e7\u00f5es de contato que voc\u00ea nos fornecer para nos comunicar com voc\u00ea sobre a compra, evento ou promo\u00e7\u00e3o. Se voc\u00ea entrar em contato com nossos servi\u00e7os ao consumidor, usaremos informa\u00e7\u00f5es sobre voc\u00ea, como informa\u00e7\u00f5es de entrega ou pagamento, ou o produto que voc\u00ea comprou para ajud\u00e1-lo a resolver um problema ou d\u00favida.<\/p>\n<p>Em muitos casos, para usar recursos espec\u00edficos em nossos Sites e Aplicativos, voc\u00ea pode precisar fornecer \u00e0 Euro Segway dados adicionais ou consentimento adicional para usar dados espec\u00edficos de uma determinada maneira. Por exemplo, para usar os recursos de monitoramento de frequ\u00eancia card\u00edaca de nossos aplicativos, talvez seja necess\u00e1rio conectar-se a um dispositivo de monitoramento de frequ\u00eancia card\u00edaca. Da mesma forma, para compartilhar conte\u00fado nas m\u00eddias sociais, talvez seja necess\u00e1rio fornecer as credenciais da sua conta de m\u00eddia social para fazer login.<\/p>\n<p><span style=\"text-decoration: underline;\">Para comunicar informa\u00e7\u00f5es sobre nossos produtos, servi\u00e7os, eventos e para outros fins promocionais<\/span><\/p>\n<p>Quando voc\u00ea consentir, enviaremos comunica\u00e7\u00f5es de marketing e not\u00edcias sobre os produtos, servi\u00e7os, eventos e outras promo\u00e7\u00f5es da Euro Segway. Voc\u00ea pode desativar a qualquer momento ap\u00f3s ter dado seu consentimento.<\/p>\n<p>Se voc\u00ea \u00e9 um cliente existente da Euro Segway (por exemplo, se voc\u00ea fez um pedido conosco), podemos usar os detalhes de contato que voc\u00ea forneceu para enviar comunica\u00e7\u00f5es de marketing sobre produtos ou servi\u00e7os semelhantes da Euro Segway, quando permitido pelo aplic\u00e1vel lei (a menos que voc\u00ea tenha optado por n\u00e3o participar). Em outros casos, solicitamos seu consentimento para enviar informa\u00e7\u00f5es de marketing. Podemos usar as informa\u00e7\u00f5es que voc\u00ea nos fornece, bem como informa\u00e7\u00f5es de outros produtos ou servi\u00e7os da Euro Segway &#8211; como seu uso dos Sites e Aplicativos da Euro Segway, suas visitas ou compras feitas nas lojas Euro Segway, sua participa\u00e7\u00e3o em eventos da Euro Segway e concursos &#8211; para personalizar as comunica\u00e7\u00f5es sobre produtos e servi\u00e7os que podem ser interessantes para voc\u00ea.<\/p>\n<p><span style=\"text-decoration: underline;\">Para operar, melhorar e manter nossos neg\u00f3cios, produtos e servi\u00e7os<\/span><\/p>\n<p>Usamos os dados pessoais que voc\u00ea nos fornece para operar nossos neg\u00f3cios. Por exemplo, quando voc\u00ea faz uma compra, usamos essas informa\u00e7\u00f5es para contabilidade, auditorias e outras fun\u00e7\u00f5es internas. Podemos usar dados pessoais sobre como voc\u00ea usa nossos produtos e servi\u00e7os para aprimorar sua experi\u00eancia de usu\u00e1rio e para nos ajudar a diagnosticar problemas t\u00e9cnicos e de servi\u00e7o e administrar nossos Sites e Aplicativos.<\/p>\n<p><span style=\"text-decoration: underline;\">Para proteger nossos direitos, propriedade ou seguran\u00e7a de terceiros<\/span><\/p>\n<p>Tamb\u00e9m podemos usar seus dados pessoais sobre como voc\u00ea usa nossos Sites e Aplicativos para prevenir ou detectar fraudes, abusos, uso ilegal, viola\u00e7\u00f5es de nossos Termos de Uso e para cumprir ordens judiciais, solicita\u00e7\u00f5es governamentais ou leis aplic\u00e1veis.< \/p><\/p>\n<p><span style=\"text-decoration: underline;\">Para fins gerais de pesquisa e an\u00e1lise<\/span><\/p>\n<p>Usamos dados sobre como nossos visitantes usam nossos Sites, Aplicativos e servi\u00e7os para entender o comportamento ou as prefer\u00eancias do cliente. Por exemplo, podemos usar informa\u00e7\u00f5es sobre como os visitantes do Euro Segway.com pesquisam e encontram produtos para entender melhor as melhores maneiras de organizar e apresentar ofertas de produtos em nossa vitrine.<\/p>\n<p><span style=\"text-decoration: underline;\">Outras finalidades<\/span><\/p>\n<p>Tamb\u00e9m podemos usar seus dados pessoais de outras maneiras e forneceremos um aviso espec\u00edfico no momento da coleta e obteremos seu consentimento quando necess\u00e1rio.<\/p>\n<p><span style=\"text-decoration: underline;\">Fundamentos Legais<\/span><\/p>\n<p>Para processar seus dados pessoais, contamos com certos fundamentos legais, dependendo de como voc\u00ea interage com nossos Sites e Aplicativos.<\/p>\n<p>Quando voc\u00ea compra produtos Euro Segway em nossos Sites e Aplicativos, precisamos de seus dados pessoais para cumprir nosso contrato com voc\u00ea. Por exemplo, precisamos do seu pagamento e detalhes de contato para entregar seu pedido.<br \/>Quando voc\u00ea usa nossos aplicativos, contamos com seu consentimento para processamento e para determinados fins limitados para cumprir nosso contrato com voc\u00ea (por exemplo, para in- Compras de aplicativos).<br \/>Tamb\u00e9m contamos com outros fundamentos legais, como nossos interesses leg\u00edtimos como empresa, para cumprir uma obriga\u00e7\u00e3o legal ou para proteger seus interesses vitais.<\/p>\n<h3>COMPARTILHAMENTO de seus dados pessoais<\/h3>\n<p><span style=\"text-decoration: underline;\">Compartilhamento do Euro Segway<\/span><\/p>\n<p>A Euro Segway compartilha seus dados pessoais com:<\/p>\n<p>Entidades da Euro Segway para os fins e nas condi\u00e7\u00f5es descritas acima.<br \/>Provedores de servi\u00e7os terceirizados que processam dados pessoais em nome da Euro Segway, por exemplo, para processar cart\u00f5es de cr\u00e9dito e pagamentos, remessas e entregas, hospedar, gerenciar e atender nossos dados, distribuir e-mails, pesquisar e analisar, gerenciar promo\u00e7\u00f5es de marcas e produtos, bem como administrar determinados servi\u00e7os e recursos. Ao usar provedores de servi\u00e7os terceirizados, celebramos acordos que exigem que eles implementem medidas t\u00e9cnicas e organizacionais apropriadas para proteger seus dados pessoais.<br \/>Outros terceiros na medida necess\u00e1ria para: (i) cumprir uma solicita\u00e7\u00e3o governamental, um tribunal ordem ou lei aplic\u00e1vel; (ii) impedir usos ilegais de nossos Sites e Aplicativos ou viola\u00e7\u00f5es dos Termos de Uso de nossos Sites e Aplicativos e nossas pol\u00edticas; (iii) nos defendermos de reclama\u00e7\u00f5es de terceiros; e (iv) auxiliar na preven\u00e7\u00e3o ou investiga\u00e7\u00e3o de fraudes (por exemplo, falsifica\u00e7\u00e3o).<br \/>a qualquer outro terceiro onde voc\u00ea tenha fornecido seu consentimento.<br \/>Tamb\u00e9m podemos transferir dados pessoais que temos sobre voc\u00ea no caso de vender ou transferir todo ou parte de nossos neg\u00f3cios ou ativos (inclusive em caso de reorganiza\u00e7\u00e3o, cis\u00e3o, dissolu\u00e7\u00e3o ou liquida\u00e7\u00e3o).<\/p>\n<p><span style=\"text-decoration: underline;\">Seu Compartilhamento<\/span><\/p>\n<p>Ao usar determinados recursos sociais em nossos Sites ou Aplicativos, voc\u00ea pode criar um perfil p\u00fablico que pode incluir informa\u00e7\u00f5es como seu nome de tela, foto de perfil e cidade natal. Voc\u00ea tamb\u00e9m pode compartilhar conte\u00fado com seus amigos ou o p\u00fablico, incluindo informa\u00e7\u00f5es sobre sua atividade no Euro Segway. Recomendamos que voc\u00ea use as ferramentas que fornecemos para gerenciar o compartilhamento social do Euro Segway para controlar quais informa\u00e7\u00f5es voc\u00ea disponibiliza por meio dos recursos sociais do Euro Segway.<\/p>\n<h3>PROTE\u00c7\u00c3O e GERENCIAMENTO de seus dados pessoais<\/h3>\n<p><span style=\"text-decoration: underline;\">Criptografia &amp; Seguran\u00e7a<\/span><\/p>\n<p>Usamos uma variedade de medidas de seguran\u00e7a t\u00e9cnicas e organizacionais, incluindo ferramentas de criptografia e autentica\u00e7\u00e3o, para manter a seguran\u00e7a de seus dados pessoais.<\/p>\n<p><span style=\"text-decoration: underline;\">Transfer\u00eancias internacionais de seus dados pessoais<\/span><\/p>\n<p>Os dados pessoais que coletamos (ou processamos) no contexto de nossos Sites e Aplicativos ser\u00e3o armazenados nos EUA e em outros pa\u00edses. Alguns dos destinat\u00e1rios de dados com os quais a Euro Segway compartilha seus dados pessoais podem estar localizados em pa\u00edses diferentes do pa\u00eds em que seus dados pessoais foram originalmente coletados. As leis desses pa\u00edses podem n\u00e3o fornecer o mesmo n\u00edvel de prote\u00e7\u00e3o de dados em compara\u00e7\u00e3o com o pa\u00eds em que voc\u00ea forneceu seus dados inicialmente. No entanto, quando transferirmos seus dados pessoais para destinat\u00e1rios em outros pa\u00edses, incluindo os EUA, protegeremos esses dados pessoais conforme descrito nesta pol\u00edtica de privacidade e em conformidade com a lei aplic\u00e1vel.<\/p>\n<p>Tomamos medidas para cumprir os requisitos legais aplic\u00e1veis \u200b\u200bpara a transfer\u00eancia de dados pessoais para destinat\u00e1rios em pa\u00edses fora do EEE ou da Su\u00ed\u00e7a que n\u00e3o oferecem um n\u00edvel adequado de prote\u00e7\u00e3o de dados. Usamos uma variedade de medidas para garantir que seus dados pessoais transferidos para esses pa\u00edses recebam prote\u00e7\u00e3o adequada de acordo com as regras de prote\u00e7\u00e3o de dados; isso inclui assinar as Cl\u00e1usulas Contratuais Padr\u00e3o da UE, verificar se o destinat\u00e1rio adotou as Regras Corporativas Vinculantes ou adere \u00e0 Estrutura do Escudo de Privacidade UE-EUA e Su\u00ed\u00e7a-EUA. Quando os dados pessoais s\u00e3o transferidos dentro da Euro Segway, usamos um acordo de transfer\u00eancia de dados intragrupo.<\/p>\n<p><span style=\"text-decoration: underline;\">Reten\u00e7\u00e3o de seus dados pessoais<\/span><\/p>\n<p>Suas informa\u00e7\u00f5es pessoais ser\u00e3o retidas pelo tempo necess\u00e1rio para cumprir os prop\u00f3sitos estabelecidos nesta pol\u00edtica de privacidade (a menos que um per\u00edodo de reten\u00e7\u00e3o mais longo seja exigido pela lei aplic\u00e1vel). Em geral, isso significa que manteremos seus dados pessoais enquanto voc\u00ea mantiver sua conta Euro Segway. Para dados pessoais relacionados a compras de produtos, n\u00f3s os retemos por mais tempo para cumprir as obriga\u00e7\u00f5es legais (como leis fiscais e de vendas e para fins de garantia). Clique aqui para saber mais sobre: \u200b\u200b\u00c1ustria, B\u00e9lgica, Bulg\u00e1ria, Cro\u00e1cia, Rep\u00fablica Tcheca, Dinamarca, Finl\u00e2ndia, Hungria, Irlanda, Luxemburgo, Noruega, Portugal, Rom\u00eania, Eslov\u00e1quia, Eslov\u00eania, Su\u00e9cia, Su\u00ed\u00e7a, Reino Unido.<\/p>\n<h3>OS SEUS DIREITOS RELATIVAMENTE AOS SEUS DADOS PESSOAIS<\/h3>\n<p>Voc\u00ea tem o direito de solicitar: (i) acesso aos seus dados pessoais; (ii) uma c\u00f3pia eletr\u00f4nica de seus dados pessoais (portabilidade); (iii) corre\u00e7\u00e3o dos seus dados pessoais se estiverem incompletos ou imprecisos; ou (iv) exclus\u00e3o ou restri\u00e7\u00e3o de seus dados pessoais em determinadas circunst\u00e2ncias previstas na lei aplic\u00e1vel. Esses direitos n\u00e3o s\u00e3o absolutos. Quando obtivemos seu consentimento para o processamento de seus dados pessoais, voc\u00ea tem o direito de retirar seu consentimento a qualquer momento.<\/p>\n<p>Se desejar solicitar uma c\u00f3pia de seus dados pessoais ou exercer qualquer outro direito, entre em contato conosco usando os detalhes de contato na se\u00e7\u00e3o &#8220;Perguntas e coment\u00e1rios&#8221; abaixo.<\/p>\n<p><span style=\"text-decoration: underline;\">Desativa\u00e7\u00e3o do marketing direto<\/span><\/p>\n<p>Se tiver uma conta Euro Segway, pode optar por n\u00e3o receber comunica\u00e7\u00f5es de marketing da Euro Segway modificando as suas prefer\u00eancias na sec\u00e7\u00e3o &#8220;ver ou alterar o meu perfil&#8221; dos nossos Sites. Voc\u00ea tamb\u00e9m pode optar por n\u00e3o participar modificando suas assinaturas de e-mail clicando no link de cancelamento de assinatura ou seguindo as instru\u00e7\u00f5es de cancelamento inclu\u00eddas na mensagem. Como alternativa, voc\u00ea pode entrar em contato conosco usando os detalhes de contato na se\u00e7\u00e3o &#8220;Perguntas e coment\u00e1rios&#8221; abaixo.<\/p>\n<p><strong>COOKIES e tags de pixel<\/strong><\/p>\n<p>A Euro Segway coleta informa\u00e7\u00f5es, que podem incluir dados pessoais, do seu navegador quando voc\u00ea usa nossos Sites. Usamos uma variedade de m\u00e9todos, como cookies e tags de pixel para coletar essas informa\u00e7\u00f5es, que podem incluir seu (i) endere\u00e7o IP; (ii) identificador de cookie exclusivo, informa\u00e7\u00f5es de cookie e informa\u00e7\u00f5es sobre se o seu dispositivo possui software para acessar determinados recursos; (iii) identificador de dispositivo exclusivo e tipo de dispositivo; (iv) dom\u00ednio, tipo de navegador e idioma, (v) sistema operacional e configura\u00e7\u00f5es do sistema; (vi) pa\u00eds e fuso hor\u00e1rio; (vii) sites visitados anteriormente; (viii) informa\u00e7\u00f5es sobre sua intera\u00e7\u00e3o com nossos Sites, como comportamento de cliques, compras e prefer\u00eancias indicadas; e (ix) tempos de acesso e URLs de refer\u00eancia.<\/p>\n<p>Terceiros tamb\u00e9m podem coletar informa\u00e7\u00f5es por meio de sites por meio de cookies, plug-ins e widgets de terceiros. Esses terceiros coletam dados diretamente do seu navegador e o processamento desses dados est\u00e1 sujeito \u00e0s suas pr\u00f3prias pol\u00edticas de privacidade.<\/p>\n<p>Usamos cookies e tags de pixel para rastrear o uso dos Sites por nossos clientes e para entender as prefer\u00eancias de nossos clientes (como op\u00e7\u00f5es de pa\u00eds e idioma). Isso nos permite fornecer servi\u00e7os aos nossos clientes e melhorar sua experi\u00eancia online. Tamb\u00e9m usamos cookies e pixel tags para obter dados agregados sobre o tr\u00e1fego do site e intera\u00e7\u00e3o com o site, para identificar tend\u00eancias e obter estat\u00edsticas para que possamos melhorar nossos Sites. Geralmente, existem tr\u00eas categorias de cookies usados \u200b\u200bem nossos Sites:<\/p>\n<ul>\n<li>Funcional: Esses cookies s\u00e3o necess\u00e1rios para a funcionalidade b\u00e1sica do site e, portanto, est\u00e3o sempre ativados. Isso inclui cookies que permitem que voc\u00ea seja lembrado enquanto explora nossos Sites em uma \u00fanica sess\u00e3o ou, se voc\u00ea solicitar, de sess\u00e3o para sess\u00e3o. Eles ajudam a viabilizar o carrinho de compras e o processo de finaliza\u00e7\u00e3o da compra, al\u00e9m de auxiliar em quest\u00f5es de seguran\u00e7a e conformidade com os regulamentos.<\/li>\n<li>Desempenho: Esses cookies nos permitem melhorar a funcionalidade de nossos Sites rastreando o uso. Em alguns casos, esses cookies melhoram a velocidade com que podemos processar sua solicita\u00e7\u00e3o e nos permitem lembrar as prefer\u00eancias do site que voc\u00ea selecionou. Recusar esses cookies pode resultar em recomenda\u00e7\u00f5es mal adaptadas e desempenho lento do site.<\/li>\n<li>M\u00eddia social e publicidade: os cookies de m\u00eddia social oferecem a possibilidade de conect\u00e1-lo \u00e0s suas redes sociais e compartilhar conte\u00fado de nossos Sites por meio da m\u00eddia social. Os cookies de publicidade (de terceiros) coletam informa\u00e7\u00f5es para ajudar a adequar melhor a publicidade aos seus interesses, dentro e fora de nossos Sites. Em alguns casos, esses cookies envolvem o processamento de seus dados pessoais. Recusar esses cookies pode resultar na exibi\u00e7\u00e3o de publicidade que n\u00e3o \u00e9 t\u00e3o relevante para voc\u00ea ou na impossibilidade de se vincular efetivamente ao Facebook, Twitter ou outras redes sociais e\/ou n\u00e3o permitir que voc\u00ea compartilhe conte\u00fado nas m\u00eddias sociais.<\/li>\n<\/ul>\n<p>Voc\u00ea sempre pode alterar sua prefer\u00eancia visitando as &#8220;Configura\u00e7\u00f5es de cookies&#8221; na parte inferior de cada p\u00e1gina de nossos Sites.<\/p>\n<p>Para obter um resumo abrangente e atualizado de todos os terceiros que acessam seu navegador da Web (atrav\u00e9s dos Sites Euro Segway ou de outra forma), recomendamos a instala\u00e7\u00e3o de um plug-in de navegador da Web criado para essa finalidade. Voc\u00ea tamb\u00e9m pode optar por fazer com que seu computador o avise sempre que um cookie estiver sendo enviado ou pode optar por desativar todos os cookies. Voc\u00ea faz isso atrav\u00e9s das configura\u00e7\u00f5es do seu navegador em cada navegador e dispositivo que voc\u00ea usa. Cada navegador \u00e9 um pouco diferente, portanto, consulte o menu de Ajuda do navegador para aprender a maneira correta de modificar seus cookies. Se voc\u00ea desativar os cookies, poder\u00e1 n\u00e3o ter acesso a muitos recursos que tornam nossos Sites e Aplicativos mais eficientes e alguns de nossos servi\u00e7os n\u00e3o funcionar\u00e3o corretamente.<\/p>\n<h3>USO de sites e aplicativos do Euro Segway com produtos e servi\u00e7os de terceiros<\/h3>\n<p>Nossos Sites e Aplicativos permitem que voc\u00ea interaja com uma ampla variedade de outros produtos e servi\u00e7os digitais. Por exemplo, nossos Sites e Aplicativos podem ser integrados a dispositivos de terceiros para rastreamento de atividades, redes sociais, servi\u00e7os de streaming de m\u00fasica e outros servi\u00e7os digitais.<\/p>\n<p>Se voc\u00ea optar por conectar sua conta do Euro Segway a um dispositivo ou conta de terceiros, seus direitos de privacidade em plataformas de terceiros ser\u00e3o regidos por suas respectivas pol\u00edticas. Por exemplo, se voc\u00ea optar por compartilhar sua atividade do Euro Segway em plataformas de m\u00eddia social de terceiros, as pol\u00edticas dessas plataformas regem os dados que residem nelas.<\/p>\n<p>Nossos Sites e Aplicativos podem fornecer links para outros sites e aplicativos (de terceiros) para sua conveni\u00eancia ou informa\u00e7\u00e3o. Os sites e aplicativos vinculados t\u00eam seus pr\u00f3prios avisos ou pol\u00edticas de privacidade, que recomendamos que voc\u00ea revise. Na medida em que quaisquer sites ou aplicativos vinculados n\u00e3o sejam de nossa propriedade ou controlados por n\u00f3s, n\u00e3o somos respons\u00e1veis \u200b\u200bpor seu conte\u00fado, por qualquer uso dos sites ou aplicativos ou pelas pr\u00e1ticas de privacidade dos sites ou aplicativos.<\/p>\n<h3>MUDAN\u00c7AS em nossa Pol\u00edtica de Privacidade<\/h3>\n<p>As leis aplic\u00e1veis \u200b\u200be nossas pr\u00e1ticas mudam com o tempo. Se decidirmos atualizar nossa pol\u00edtica de privacidade, publicaremos as altera\u00e7\u00f5es em nossos Sites e Aplicativos. Recomendamos vivamente que leia a nossa pol\u00edtica de privacidade e mantenha-se informado sobre as nossas pr\u00e1ticas. Esta pol\u00edtica de privacidade foi modificada pela \u00faltima vez em maio de 2018.<\/p>\n<h3>PERGUNTAS e coment\u00e1rios<\/h3>\n<p>Agradecemos perguntas, coment\u00e1rios e preocupa\u00e7\u00f5es sobre nossa pol\u00edtica de privacidade e pr\u00e1ticas de privacidade.<\/p>\n<p>Se voc\u00ea deseja fornecer feedback ou se tiver d\u00favidas ou preocupa\u00e7\u00f5es ou desejar exercer seus direitos relacionados aos seus dados pessoais, entre em contato com o Atendimento ao Consumidor ou nosso Diretor de Prote\u00e7\u00e3o de Dados em nosso Escrit\u00f3rio de Privacidade em friends@eurosegway.com.<\/p>\n<p> p><\/p>\n<p>Se voc\u00ea entrar em contato conosco com uma reclama\u00e7\u00e3o de privacidade, ela ser\u00e1 avaliada com o objetivo de resolver o problema de maneira oportuna e eficaz. Voc\u00ea tamb\u00e9m tem o direito de apresentar uma reclama\u00e7\u00e3o \u00e0 autoridade supervisora \u200b\u200brelevante no pa\u00eds em que reside.<\/p>\n","protected":false},"excerpt":{"rendered":"<p>Esta pol\u00edtica de privacidade descreve os dados pessoais coletados ou gerados (processados) quando voc\u00ea usa os sites da Euro Segway (\u201cSites\u201d) e aplicativos m\u00f3veis (\u201cApps\u201d). Tamb\u00e9m explica como seus dados [&#8230;]<\/p>\n<p><a class=\"btn btn-secondary understrap-read-more-link\" href=\"https:\/\/eurosegway.pt\/pt-pt\/politica-de-privacidade\/\">Continuar a ler&#8230;<span class=\"screen-reader-text\"> from Pol\u00edtica de Privacidade<\/span><\/a><\/p>\n","protected":false},"author":1,"featured_media":140,"parent":0,"menu_order":0,"comment_status":"closed","ping_status":"open","template":"page-templates\/fullwidthpage.php","meta":{"_acf_changed":false,"_joinchat":[],"footnotes":""},"class_list":["post-612","page","type-page","status-publish","has-post-thumbnail","hentry"],"acf":[],"_links":{"self":[{"href":"https:\/\/eurosegway.pt\/pt-pt\/wp-json\/wp\/v2\/pages\/612","targetHints":{"allow":["GET"]}}],"collection":[{"href":"https:\/\/eurosegway.pt\/pt-pt\/wp-json\/wp\/v2\/pages"}],"about":[{"href":"https:\/\/eurosegway.pt\/pt-pt\/wp-json\/wp\/v2\/types\/page"}],"author":[{"embeddable":true,"href":"https:\/\/eurosegway.pt\/pt-pt\/wp-json\/wp\/v2\/users\/1"}],"replies":[{"embeddable":true,"href":"https:\/\/eurosegway.pt\/pt-pt\/wp-json\/wp\/v2\/comments?post=612"}],"version-history":[{"count":1,"href":"https:\/\/eurosegway.pt\/pt-pt\/wp-json\/wp\/v2\/pages\/612\/revisions"}],"predecessor-version":[{"id":616,"href":"https:\/\/eurosegway.pt\/pt-pt\/wp-json\/wp\/v2\/pages\/612\/revisions\/616"}],"wp:featuredmedia":[{"embeddable":true,"href":"https:\/\/eurosegway.pt\/pt-pt\/wp-json\/wp\/v2\/media\/140"}],"wp:attachment":[{"href":"https:\/\/eurosegway.pt\/pt-pt\/wp-json\/wp\/v2\/media?parent=612"}],"curies":[{"name":"wp","href":"https:\/\/api.w.org\/{rel}","templated":true}]}}