{"id":675,"date":"2022-10-28T18:10:00","date_gmt":"2022-10-28T18:10:00","guid":{"rendered":"https:\/\/eurosegway.pt\/a-propos-de-nous\/"},"modified":"2026-01-22T09:49:58","modified_gmt":"2026-01-22T09:49:58","slug":"a-propos-de-nous","status":"publish","type":"page","link":"https:\/\/eurosegway.pt\/fr\/a-propos-de-nous\/","title":{"rendered":"\u00c0 propos de nous"},"content":{"rendered":"<p><\/p>\n<p>\n  Euro Segway est un op\u00e9rateur europ\u00e9en de visites urbaines sp\u00e9cialis\u00e9 dans les tours guid\u00e9s en Segway.<br \/>\n  Depuis notre cr\u00e9ation en 2009, nous avons accueilli plus de <strong>30 000 visiteurs<\/strong> dans <strong>4 villes europ\u00e9ennes<\/strong>.<br \/>\n  Nous op\u00e9rons en tant que <strong>une seule entreprise<\/strong>, avec des \u00e9quipes locales dans chaque destination.<br \/>\n  Nous ne sommes ni une marketplace ni un revendeur.\n<\/p>\n<h2>Ce que nous faisons<\/h2>\n<p>\n  Nous cr\u00e9ons des exp\u00e9riences urbaines guid\u00e9es qui allient <strong>plaisir, confort et regard local<\/strong>.<br \/>\n  D\u00e9couvrir une ville en Segway rend l\u2019exploration fluide et naturelle &#8211; m\u00eame pour une premi\u00e8re visite.<br \/>\n  Nos visites sont con\u00e7ues pour \u00eatre agr\u00e9ables d\u00e8s la premi\u00e8re minute, avec des explications claires et un rythme d\u00e9tendu.<br \/>\n  Les guides locaux s\u2019occupent de la navigation, de la s\u00e9curit\u00e9 et du r\u00e9cit &#8211; les visiteurs se concentrent sur l\u2019exp\u00e9rience.\n<\/p>\n<h2>O\u00f9 nous op\u00e9rons<\/h2>\n<ul>\n<li><strong>Lisbonne<\/strong> &#8211; Euro Segway Lisbon (vous \u00eates ici)<\/li>\n<li><strong>Prague<\/strong> &#8211; <a href=\"https:\/\/eurosegway.cz\/\" target=\"_blank\" rel=\"noopener\">Euro Segway Prague<\/a><\/li>\n<li><strong>Barcelone<\/strong> &#8211; <a href=\"https:\/\/eurosegway.es\/\" target=\"_blank\" rel=\"noopener\">Euro Segway Barcelona<\/a><\/li>\n<li><strong>Budapest<\/strong> &#8211; <a href=\"https:\/\/eurosegway.hu\/\" target=\"_blank\" rel=\"noopener\">Euro Segway Budapest<\/a><\/li>\n<\/ul>\n<p>\n  Dans toutes les villes, nous suivons les m\u00eames standards op\u00e9rationnels : guides locaux professionnels,<br \/>\n  structure claire des visites, priorit\u00e9 \u00e0 la s\u00e9curit\u00e9 et qualit\u00e9 de service constante.<br \/>\n  Chaque \u00e9quipe adapte les itin\u00e9raires et le contenu \u00e0 son environnement local tout en respectant l\u2019esprit Euro Segway.\n<\/p>\n<h2>Notre mission<\/h2>\n<p>\n  Les impressions avant tout. Ce n\u2019est pas seulement un slogan, c\u2019est notre objectif.<br \/>\n  Nous aimons les villes dans lesquelles nous op\u00e9rons et notre mission est de les faire d\u00e9couvrir<br \/>\n  de mani\u00e8re simple et agr\u00e9able.<br \/>\n  Nos visites ne sont pas intimidantes &#8211; vous d\u00e9couvrirez les tr\u00e9sors de la ville accompagn\u00e9 d\u2019un guide local.\n<\/p>\n<p>\n  Les tours Euro Segway conviennent aux voyageurs individuels, aux couples, aux familles,<br \/>\n  aux enterrements de vie de c\u00e9libataire, aux \u00e9v\u00e9nements d\u2019entreprise et bien plus encore.<br \/>\n  Les visites sont accessibles \u00e0 tous les \u00e2ges (avec certaines exceptions \u00e0 Barcelone,<br \/>\n  o\u00f9 l\u2019\u00e2ge minimum pour conduire un Segway est de 16 ans).<br \/>\n  La participante la plus \u00e2g\u00e9e avait 92 ans &#8211; et elle est repartie avec le sourire d\u2019un enfant.\n<\/p>\n<h2>Euro Segway \u00e0 Lisbonne<\/h2>\n<p>\n  \u00c0 Lisbonne, Euro Segway se concentre exclusivement sur les <strong>tours en Segway<\/strong>.<br \/>\n  Les visites sont guid\u00e9es en <strong>4 langues<\/strong> et con\u00e7ues pour les voyageurs<br \/>\n  souhaitant d\u00e9couvrir la ville de mani\u00e8re fluide, engageante et parfaitement organis\u00e9e.\n<\/p>\n<h3>Options de visites \u00e0 Lisbonne<\/h3>\n<ul>\n<li><strong>Visites en groupe ouvert<\/strong> &#8211; conviviales et soigneusement rythm\u00e9es<\/li>\n<li><strong>Visites priv\u00e9es<\/strong> &#8211; itin\u00e9raires flexibles et attention personnalis\u00e9e<\/li>\n<li><strong>Visites d\u2019entreprise<\/strong> &#8211; activit\u00e9s structur\u00e9es pour les \u00e9quipes<\/li>\n<li><strong>Visites familiales<\/strong> &#8211; confortables et faciles \u00e0 suivre<\/li>\n<li><strong>Exp\u00e9riences de team building<\/strong> &#8211; pratiques, engageantes et simples \u00e0 organiser<\/li>\n<\/ul>\n<h2>Comment se d\u00e9roule votre visite<\/h2>\n<ol>\n<li><strong>Point de rendez-vous<\/strong> &#8211; clairement indiqu\u00e9 sur chaque page de visite.<\/li>\n<li><strong>Briefing de s\u00e9curit\u00e9 et initiation<\/strong> &#8211; aucune exp\u00e9rience pr\u00e9alable requise.<\/li>\n<li><strong>Visite guid\u00e9e<\/strong> &#8211; \u00e0 travers les sites cl\u00e9s et les points de vue.<\/li>\n<li><strong>Fin avec orientation<\/strong> &#8211; et recommandations locales.<\/li>\n<\/ol>\n<h2>Pourquoi les visiteurs choisissent Euro Segway<\/h2>\n<ul>\n<li><strong>Clart\u00e9<\/strong> &#8211; une structure claire du d\u00e9but \u00e0 la fin<\/li>\n<li><strong>Confort<\/strong> &#8211; petits groupes et attention personnalis\u00e9e<\/li>\n<li><strong>Plaisir sans stress<\/strong> &#8211; une d\u00e9couverte l\u00e9g\u00e8re et agr\u00e9able<\/li>\n<li><strong>Format familial<\/strong> &#8211; adapt\u00e9 \u00e0 diff\u00e9rents \u00e2ges et niveaux d\u2019exp\u00e9rience<\/li>\n<li><strong>Expertise locale<\/strong> &#8211; des guides comp\u00e9tents, accessibles et passionn\u00e9s<\/li>\n<li><strong>Qualit\u00e9 constante<\/strong> &#8211; une seule entreprise, un seul standard, plusieurs villes<\/li>\n<\/ul>\n<h2>Programme de fid\u00e9lit\u00e9<\/h2>\n<p>\n  Apr\u00e8s chaque visite, nous offrons \u00e0 nos clients une carte de fid\u00e9lit\u00e9.<br \/>\n  Cette carte donne droit \u00e0 une r\u00e9duction de 10 % pour des groupes jusqu\u2019\u00e0 10 personnes,<br \/>\n  hors \u00e9v\u00e9nements d\u2019entreprise.<br \/>\n  Elle est \u00e9galement accept\u00e9e dans les agences partenaires.<br \/>\n  La liste compl\u00e8te des villes participantes est disponible sur le site eurosegway.com<\/p>\n","protected":false},"excerpt":{"rendered":"<p>Euro Segway est un op\u00e9rateur europ\u00e9en de visites urbaines sp\u00e9cialis\u00e9 dans les tours guid\u00e9s en Segway. Depuis notre cr\u00e9ation en 2009, nous avons accueilli plus de 30 000 visiteurs dans [&#8230;]<\/p>\n<p><a class=\"btn btn-secondary understrap-read-more-link\" href=\"https:\/\/eurosegway.pt\/fr\/a-propos-de-nous\/\">Read More&#8230;<span class=\"screen-reader-text\"> from \u00c0 propos de nous<\/span><\/a><\/p>\n","protected":false},"author":1,"featured_media":360,"parent":0,"menu_order":0,"comment_status":"closed","ping_status":"closed","template":"","meta":{"_acf_changed":false,"_joinchat":[],"footnotes":""},"class_list":["post-675","page","type-page","status-publish","has-post-thumbnail","hentry"],"acf":[],"_links":{"self":[{"href":"https:\/\/eurosegway.pt\/fr\/wp-json\/wp\/v2\/pages\/675","targetHints":{"allow":["GET"]}}],"collection":[{"href":"https:\/\/eurosegway.pt\/fr\/wp-json\/wp\/v2\/pages"}],"about":[{"href":"https:\/\/eurosegway.pt\/fr\/wp-json\/wp\/v2\/types\/page"}],"author":[{"embeddable":true,"href":"https:\/\/eurosegway.pt\/fr\/wp-json\/wp\/v2\/users\/1"}],"replies":[{"embeddable":true,"href":"https:\/\/eurosegway.pt\/fr\/wp-json\/wp\/v2\/comments?post=675"}],"version-history":[{"count":1,"href":"https:\/\/eurosegway.pt\/fr\/wp-json\/wp\/v2\/pages\/675\/revisions"}],"predecessor-version":[{"id":1290,"href":"https:\/\/eurosegway.pt\/fr\/wp-json\/wp\/v2\/pages\/675\/revisions\/1290"}],"wp:featuredmedia":[{"embeddable":true,"href":"https:\/\/eurosegway.pt\/fr\/wp-json\/wp\/v2\/media\/360"}],"wp:attachment":[{"href":"https:\/\/eurosegway.pt\/fr\/wp-json\/wp\/v2\/media?parent=675"}],"curies":[{"name":"wp","href":"https:\/\/api.w.org\/{rel}","templated":true}]}}