{"id":611,"date":"2022-10-16T12:39:32","date_gmt":"2022-10-16T12:39:32","guid":{"rendered":"https:\/\/eurosegway.pt\/politique-de-confidentialite\/"},"modified":"2022-12-17T11:47:01","modified_gmt":"2022-12-17T11:47:01","slug":"politique-de-confidentialite","status":"publish","type":"page","link":"https:\/\/eurosegway.pt\/fr\/politique-de-confidentialite\/","title":{"rendered":"Politique de confidentialit\u00e9"},"content":{"rendered":"<p>Esta pol\u00edtica de privacidad describe los datos personales recopilados o generados (procesados) cuando utiliza los sitios web (&#8220;Sitios&#8221;) y las aplicaciones m\u00f3viles (&#8220;Aplicaciones&#8221;) de Euro Segway. Tambi\u00e9n explica c\u00f3mo se utilizan, comparten y protegen sus datos personales, qu\u00e9 opciones tiene en relaci\u00f3n con sus datos personales y c\u00f3mo puede ponerse en contacto con nosotros.<\/p>\n<h3>\u00bfQUI\u00c9N es responsable del procesamiento de sus datos personales?<\/h3>\n<p>La entidad de Euro Segway responsable del procesamiento de sus datos personales depender\u00e1 de c\u00f3mo interact\u00fae con los sitios y aplicaciones de Euro Segway y de d\u00f3nde se encuentre en el mundo. La entidad correspondiente de Euro Segway se denomina &#8220;Euro Segway&#8221;, &#8220;nuestro&#8221;, &#8220;nosotros&#8221; o &#8220;nosotros&#8221; en esta pol\u00edtica de privacidad.<\/p>\n<p>Revise nuestra Lista de entidades locales para conocer el nombre de la entidad responsable de Euro Segway y la informaci\u00f3n de contacto adecuada.<\/p>\n<h3>\u00bfQU\u00c9 datos personales recopilamos y CU\u00c1NDO?<\/h3>\n<p>Le solicitamos ciertos datos personales para brindarle los productos o servicios que solicita. Por ejemplo, cuando realiza compras, se comunica con nuestros servicios al consumidor, solicita recibir comunicaciones, crea una cuenta, participa en nuestros eventos o concursos, o utiliza nuestros Sitios o Aplicaciones.<\/p>\n<p>Estos datos personales incluyen su:<\/p>\n<p>datos de contacto, incluidos nombre, correo electr\u00f3nico, n\u00famero de tel\u00e9fono y env\u00edo, direcci\u00f3n de facturaci\u00f3n;<br \/>informaci\u00f3n de inicio de sesi\u00f3n y cuenta, incluidos nombre de pantalla, contrase\u00f1a e identificaci\u00f3n de usuario \u00fanica;<br \/>datos personales, incluidos sexo, ciudad de origen, fecha de historial de nacimiento y compras;<br \/>preferencias personales, incluida su lista de deseos, as\u00ed como preferencias de marketing y cookies.<br \/>informaci\u00f3n de redes sociales, incluidas las credenciales y cualquier informaci\u00f3n de sus publicaciones p\u00fablicas sobre Euro Segway o sus comunicaciones con nosotros.< br \/>Al interactuar con nuestros Sitios y Aplicaciones, ciertos datos se recopilan autom\u00e1ticamente desde su dispositivo o navegador web. Se incluye m\u00e1s informaci\u00f3n sobre estas pr\u00e1cticas en la secci\u00f3n &#8220;Cookies y etiquetas de p\u00edxeles&#8221; de esta pol\u00edtica de privacidad a continuaci\u00f3n. Estos datos incluyen:<\/p>\n<p>Identificadores de dispositivos, estado de llamadas, acceso a la red, informaci\u00f3n de almacenamiento e informaci\u00f3n de la bater\u00eda; y<br \/>Cookies, direcciones IP, encabezados de referencia, datos que identifican su navegador web y versi\u00f3n, y balizas web y etiquetas.<\/p>\n<h3>NI\u00d1OS<\/h3>\n<p>Cumplimos con las leyes locales y no permitimos que los ni\u00f1os se registren en nuestros Sitios o Aplicaciones cuando son menores del l\u00edmite de edad legal del pa\u00eds en el que residen. Solicitaremos el consentimiento de los padres para los ni\u00f1os que participen en las experiencias y eventos de Euro Segway.<\/p>\n<h3>HERRAMIENTAS para gestionar los datos personales que recopilamos<\/h3>\n<p>Cuando usamos nuestras Aplicaciones y Sitios, tambi\u00e9n proporcionamos un aviso a tiempo u obtenemos el consentimiento para ciertas pr\u00e1cticas. Por ejemplo, obtendremos el consentimiento para usar su ubicaci\u00f3n o enviar notificaciones autom\u00e1ticas. Podemos obtener este consentimiento a trav\u00e9s de las Aplicaciones o Sitios o utilizando los permisos est\u00e1ndar disponibles en su dispositivo.<\/p>\n<p>En muchos casos, su navegador web o la plataforma de su dispositivo m\u00f3vil le brindar\u00e1n herramientas adicionales que le permitir\u00e1n controlar cu\u00e1ndo su dispositivo recopila o comparte categor\u00edas particulares de datos personales. Por ejemplo, su dispositivo m\u00f3vil o navegador web puede ofrecer herramientas que le permitan administrar el uso de cookies o compartir la ubicaci\u00f3n. Le recomendamos que se familiarice con las herramientas disponibles en sus dispositivos y las utilice.<\/p>\n<h3>\u00bfPOR QU\u00c9 y C\u00d3MO usamos sus datos personales?<\/h3>\n<p>Usamos sus datos personales de las siguientes maneras:<\/p>\n<p><span style=\"text-decoration: underline;\">Para proporcionar las caracter\u00edsticas de los sitios, aplicaciones y servicios que solicita<\/span><\/p>\n<p>Cuando utiliza nuestros Sitios y aplicaciones, utilizaremos sus datos personales para proporcionar el producto o servicio solicitado. Por ejemplo, si realiza una compra en la web de Euro Segway o participa en un evento o promoci\u00f3n, utilizaremos la informaci\u00f3n de contacto que nos proporcione para comunicarnos con usted acerca de la compra, evento o promoci\u00f3n. Si se comunica con nuestros servicios al consumidor, utilizaremos informaci\u00f3n sobre usted, como la informaci\u00f3n de entrega o pago, o el producto que ha comprado para ayudarlo a resolver un problema o pregunta.<\/p>\n<p>En muchos casos, para usar funciones particulares dentro de nuestros Sitios y Aplicaciones, es posible que deba proporcionar a Euro Segway datos adicionales o consentimiento adicional para usar datos particulares de cierta manera. Por ejemplo, para utilizar las funciones de seguimiento del ritmo card\u00edaco de nuestras aplicaciones, es posible que deba conectarse a un dispositivo de seguimiento del ritmo card\u00edaco. Del mismo modo, para compartir contenido en las redes sociales, es posible que deba proporcionar las credenciales de su cuenta de redes sociales para iniciar sesi\u00f3n.<\/p>\n<p><span style=\"text-decoration: underline;\">Para comunicar informaci\u00f3n sobre nuestros productos, servicios, eventos y otros fines promocionales<\/span><\/p>\n<p>Cuando d\u00e9 su consentimiento, le enviaremos comunicaciones de marketing y noticias sobre los productos, servicios, eventos y otras promociones de Euro Segway. Puede darse de baja en cualquier momento despu\u00e9s de haber dado su consentimiento.<\/p>\n<p>Si ya es cliente de Euro Segway (por ejemplo, si ha realizado un pedido con nosotros), podemos utilizar los datos de contacto que proporcion\u00f3 para enviarle comunicaciones de marketing sobre productos o servicios similares de Euro Segway cuando lo permita la normativa aplicable. ley (a menos que haya optado por no participar). En otros casos, solicitamos su consentimiento para enviarle informaci\u00f3n de marketing. Podemos utilizar la informaci\u00f3n que nos proporciona, as\u00ed como la informaci\u00f3n de otros productos o servicios de Euro Segway, como su uso de los sitios y aplicaciones de Euro Segway, sus visitas o compras realizadas en las tiendas de Euro Segway, su participaci\u00f3n en eventos de Euro Segway. y concursos: para personalizar las comunicaciones sobre productos y servicios que pueden ser de su inter\u00e9s.<\/p>\n<p><span style=\"text-decoration: underline;\">Para operar, mejorar y mantener nuestro negocio, productos y servicios<\/span><\/p>\n<p>Utilizamos los datos personales que nos proporciona para operar nuestro negocio. Por ejemplo, cuando realiza una compra, usamos esa informaci\u00f3n para contabilidad, auditor\u00edas y otras funciones internas. Podemos usar datos personales sobre c\u00f3mo usa nuestros productos y servicios para mejorar su experiencia de usuario y para ayudarnos a diagnosticar problemas t\u00e9cnicos y de servicio y administrar nuestros Sitios y Aplicaciones.<\/p>\n<p><span style=\"text-decoration: underline;\">Para proteger nuestros derechos, propiedad o seguridad o los de otros<\/span><\/p>\n<p>Tambi\u00e9n podemos usar sus datos personales sobre c\u00f3mo usa nuestros Sitios y Aplicaciones para prevenir o detectar fraudes, abusos, usos ilegales, violaciones de nuestros T\u00e9rminos de uso y para cumplir con \u00f3rdenes judiciales, solicitudes gubernamentales o leyes aplicables.< \/p><\/p>\n<p><span style=\"text-decoration: underline;\">Para fines generales de investigaci\u00f3n y an\u00e1lisis<\/span><\/p>\n<p>Usamos datos sobre c\u00f3mo nuestros visitantes usan nuestros sitios, aplicaciones y servicios para comprender el comportamiento o las preferencias de los clientes. Por ejemplo, podemos usar informaci\u00f3n sobre c\u00f3mo los visitantes de Euro Segway.com buscan y encuentran productos para comprender mejor las mejores formas de organizar y presentar las ofertas de productos en nuestra tienda.<\/p>\n<p><span style=\"text-decoration: underline;\">Otros fines<\/span><\/p>\n<p>Tambi\u00e9n podemos utilizar sus datos personales de otras maneras y le proporcionaremos un aviso espec\u00edfico en el momento de la recopilaci\u00f3n y obtendremos su consentimiento cuando sea necesario.<\/p>\n<p><span style=\"text-decoration: underline;\">Fundamentos legales<\/span><\/p>\n<p>Para procesar sus datos personales, nos basamos en ciertos fundamentos legales, seg\u00fan c\u00f3mo interact\u00fae con nuestros sitios y aplicaciones.<\/p>\n<p>Cuando compra productos Euro Segway desde nuestros sitios y aplicaciones, necesitamos sus datos personales para cumplir nuestro contrato con usted. Por ejemplo, necesitamos su informaci\u00f3n de pago y de contacto para entregar su pedido.<br \/>Cuando utiliza nuestras aplicaciones, confiamos en su consentimiento para el procesamiento y para ciertos fines limitados para cumplir nuestro contrato con usted (por ejemplo, para Compras de aplicaciones).<br \/>Tambi\u00e9n nos basamos en otros fundamentos legales, como nuestros intereses leg\u00edtimos como empresa, para cumplir con una obligaci\u00f3n legal o para proteger sus intereses vitales.<\/p>\n<h3>COMPARTIR sus datos personales<\/h3>\n<p><span style=\"text-decoration: underline;\">Compartir Euro Segway<\/span><\/p>\n<p>Euro Segway comparte sus datos personales con:<\/p>\n<p>Entidades de Euro Segway para los fines y en las condiciones descritas anteriormente.<br \/>Proveedores de servicios externos que procesan datos personales en nombre de Euro Segway, por ejemplo, para procesar tarjetas de cr\u00e9dito y pagos, env\u00edos y entregas, alojamiento, gesti\u00f3n y servicio nuestros datos, distribuir correos electr\u00f3nicos, investigaci\u00f3n y an\u00e1lisis, administrar promociones de marca y productos, as\u00ed como administrar ciertos servicios y caracter\u00edsticas. Cuando utilizamos proveedores de servicios de terceros, celebramos acuerdos que les exigen implementar medidas t\u00e9cnicas y organizativas apropiadas para proteger sus datos personales.<br \/>Otros terceros en la medida necesaria para: (i) cumplir con una solicitud del gobierno, un tribunal orden o ley aplicable; (ii) evitar usos ilegales de nuestros Sitios y Aplicaciones o violaciones de los T\u00e9rminos de uso y nuestras pol\u00edticas de nuestros Sitios y Aplicaciones; (iii) defendernos de reclamaciones de terceros; y (iv) ayudar en la prevenci\u00f3n o investigaci\u00f3n de fraudes (p. ej., falsificaci\u00f3n).<br \/>a cualquier otro tercero donde haya brindado su consentimiento.<br \/>Tambi\u00e9n podemos transferir datos personales que tenemos sobre usted en caso de que vender o transferir la totalidad o una parte de nuestro negocio o activos (incluso en el caso de una reorganizaci\u00f3n, escisi\u00f3n, disoluci\u00f3n o liquidaci\u00f3n).<\/p>\n<p><span style=\"text-decoration: underline;\">Lo que compartes<\/span><\/p>\n<p>Cuando utiliza ciertas funciones sociales en nuestros Sitios o Aplicaciones, puede crear un perfil p\u00fablico que puede incluir informaci\u00f3n como su nombre de pantalla, foto de perfil y ciudad natal. Tambi\u00e9n puede compartir contenido con sus amigos o el p\u00fablico, incluida informaci\u00f3n sobre su actividad en Euro Segway. Le animamos a utilizar las herramientas que proporcionamos para gestionar el intercambio social de Euro Segway para controlar qu\u00e9 informaci\u00f3n pone a disposici\u00f3n a trav\u00e9s de las funciones sociales de Euro Segway.<\/p>\n<h3>PROTECCI\u00d3N y GESTI\u00d3N de sus Datos Personales<\/h3>\n<p><span style=\"text-decoration: underline;\">Cifrado &amp; Seguridad<\/span><\/p>\n<p>Utilizamos una variedad de medidas de seguridad t\u00e9cnicas y organizativas, incluidas herramientas de encriptaci\u00f3n y autenticaci\u00f3n, para mantener la seguridad de sus datos personales.<\/p>\n<p><span style=\"text-decoration: underline;\">Transferencias internacionales de sus datos personales<\/span><\/p>\n<p>Los datos personales que recopilamos (o procesamos) en el contexto de nuestros Sitios y Aplicaciones se almacenar\u00e1n en EE. UU. y otros pa\u00edses. Algunos de los destinatarios de datos con los que Euro Segway comparte sus datos personales pueden estar ubicados en pa\u00edses distintos del pa\u00eds en el que se recopilaron originalmente sus datos personales. Es posible que las leyes de esos pa\u00edses no brinden el mismo nivel de protecci\u00f3n de datos en comparaci\u00f3n con el pa\u00eds en el que proporcion\u00f3 inicialmente sus datos. Sin embargo, cuando transfiramos sus datos personales a destinatarios en otros pa\u00edses, incluidos los EE. UU., protegeremos esos datos personales como se describe en esta pol\u00edtica de privacidad y de conformidad con la ley aplicable.<\/p>\n<p>Tomamos medidas para cumplir con los requisitos legales aplicables para la transferencia de datos personales a destinatarios en pa\u00edses fuera del EEE o Suiza que no brindan un nivel adecuado de protecci\u00f3n de datos. Utilizamos una variedad de medidas para garantizar que sus datos personales transferidos a estos pa\u00edses reciban la protecci\u00f3n adecuada de acuerdo con las normas de protecci\u00f3n de datos; esto incluye la firma de las Cl\u00e1usulas contractuales tipo de la UE, la verificaci\u00f3n de que el destinatario ha adoptado las Normas corporativas vinculantes o se adhiere al Marco de protecci\u00f3n de la privacidad UE-EE. UU. y Suiza-EE. UU. Cuando los datos personales se transfieren dentro de Euro Segway, utilizamos un acuerdo de transferencia de datos intragrupo.<\/p>\n<p><span style=\"text-decoration: underline;\">Retenci\u00f3n de sus Datos Personales<\/span><\/p>\n<p>Su informaci\u00f3n personal se conservar\u00e1 durante el tiempo que sea necesario para llevar a cabo los fines establecidos en esta pol\u00edtica de privacidad (a menos que la ley aplicable exija un per\u00edodo de conservaci\u00f3n m\u00e1s largo). En general, esto significa que conservaremos sus datos personales mientras mantenga su cuenta Euro Segway. Para los datos personales relacionados con las compras de productos, los conservamos por m\u00e1s tiempo para cumplir con las obligaciones legales (como las leyes fiscales y de ventas y para fines de garant\u00eda). Haga clic aqu\u00ed para obtener m\u00e1s informaci\u00f3n sobre: \u200b\u200bAustria, B\u00e9lgica, Bulgaria, Croacia, Rep\u00fablica Checa, Dinamarca, Finlandia, Hungr\u00eda, Irlanda, Luxemburgo, Noruega, Portugal, Rumania, Eslovaquia, Eslovenia, Suecia, Suiza, Reino Unido.<\/p>\n<h3>SUS DERECHOS en relaci\u00f3n con sus datos personales<\/h3>\n<p>Tiene derecho a solicitar: (i) acceso a sus datos personales; (ii) una copia electr\u00f3nica de sus datos personales (portabilidad); (iii) correcci\u00f3n de sus datos personales si est\u00e1n incompletos o son inexactos; o (iv) la supresi\u00f3n o restricci\u00f3n de sus datos personales en determinadas circunstancias previstas por la legislaci\u00f3n aplicable. Estos derechos no son absolutos. Cuando hayamos obtenido su consentimiento para el procesamiento de sus datos personales, tiene derecho a retirar su consentimiento en cualquier momento.<\/p>\n<p>Si desea solicitar una copia de sus datos personales o ejercer cualquiera de sus otros derechos, comun\u00edquese con nosotros utilizando los detalles de contacto en la secci\u00f3n &#8220;Preguntas y comentarios&#8221; a continuaci\u00f3n.<\/p>\n<p><span style=\"text-decoration: underline;\">Exclusi\u00f3n voluntaria del marketing directo<\/span><\/p>\n<p>Si tiene una cuenta de Euro Segway, puede optar por no recibir comunicaciones de marketing de Euro Segway modificando sus preferencias en la secci\u00f3n &#8220;ver o cambiar mi perfil&#8221; de nuestros Sitios. Tambi\u00e9n puede optar por no participar modificando sus suscripciones de correo electr\u00f3nico haciendo clic en el enlace para darse de baja o siguiendo las instrucciones de exclusi\u00f3n incluidas en el mensaje. Alternativamente, puede comunicarse con nosotros utilizando los detalles de contacto en la secci\u00f3n &#8220;Preguntas y comentarios&#8221; a continuaci\u00f3n.<\/p>\n<p><strong>COOKIES y etiquetas de p\u00edxeles<\/strong><\/p>\n<p>Euro Segway recopila informaci\u00f3n, que puede incluir datos personales, de su navegador cuando utiliza nuestros Sitios. Utilizamos una variedad de m\u00e9todos, como cookies y etiquetas de p\u00edxeles para recopilar esta informaci\u00f3n, que puede incluir su (i) direcci\u00f3n IP; (ii) identificador \u00fanico de cookies, informaci\u00f3n de cookies e informaci\u00f3n sobre si su dispositivo tiene software para acceder a ciertas funciones; (iii) identificador de dispositivo \u00fanico y tipo de dispositivo; (iv) dominio, tipo de navegador e idioma, (v) sistema operativo y configuraci\u00f3n del sistema; (vi) pa\u00eds y zona horaria; (vii) sitios web visitados anteriormente; (viii) informaci\u00f3n sobre su interacci\u00f3n con nuestros Sitios, como el comportamiento de los clics, las compras y las preferencias indicadas; y (ix) tiempos de acceso y URL de referencia.<\/p>\n<p>Los terceros tambi\u00e9n pueden recopilar informaci\u00f3n a trav\u00e9s de los Sitios a trav\u00e9s de cookies, complementos y widgets de terceros. Estos terceros recopilan datos directamente de su navegador web y el procesamiento de estos datos est\u00e1 sujeto a sus propias pol\u00edticas de privacidad.<\/p>\n<p>Usamos cookies y etiquetas de p\u00edxel para rastrear el uso de los Sitios por parte de nuestros clientes y para comprender las preferencias de nuestros clientes (como las opciones de pa\u00eds e idioma). Esto nos permite brindar servicios a nuestros clientes y mejorar su experiencia en l\u00ednea. Tambi\u00e9n usamos cookies y etiquetas de p\u00edxeles para obtener datos agregados sobre el tr\u00e1fico del sitio y la interacci\u00f3n del sitio, para identificar tendencias y obtener estad\u00edsticas para que podamos mejorar nuestros Sitios. En general, se utilizan tres categor\u00edas de cookies en nuestros Sitios:<\/p>\n<ul>\n<li>Funcional: estas cookies son necesarias para la funcionalidad b\u00e1sica del sitio y, por lo tanto, siempre est\u00e1n habilitadas. Estas incluyen cookies que le permiten ser recordado mientras explora nuestros Sitios en una sola sesi\u00f3n o, si lo solicita, de una sesi\u00f3n a otra. Ayudan a hacer posible el carrito de compras y el proceso de pago, as\u00ed como tambi\u00e9n ayudan en cuestiones de seguridad y en el cumplimiento de las regulaciones.<\/li>\n<li>Rendimiento: estas cookies nos permiten mejorar la funcionalidad de nuestros sitios mediante el seguimiento del uso. En algunos casos, estas cookies mejoran la velocidad con la que podemos procesar su solicitud y nos permiten recordar las preferencias del sitio que ha seleccionado. Rechazar estas cookies puede resultar en recomendaciones mal adaptadas y un rendimiento lento del sitio.<\/li>\n<li>Redes sociales y publicidad: las cookies de redes sociales ofrecen la posibilidad de conectarlo a sus redes sociales y compartir contenido de nuestros sitios a trav\u00e9s de las redes sociales. Las cookies publicitarias (de terceros) recopilan informaci\u00f3n para ayudar a adaptar mejor la publicidad a sus intereses, tanto dentro como fuera de nuestros Sitios. En algunos casos, estas cookies implican el procesamiento de sus datos personales. Rechazar estas cookies puede dar como resultado que vea publicidad que no sea tan relevante para usted o que no pueda vincularse de manera efectiva con Facebook, Twitter u otras redes sociales y\/o que no le permita compartir contenido en las redes sociales.<\/li>\n<\/ul>\n<p>Siempre puede cambiar su preferencia visitando la &#8220;Configuraci\u00f3n de cookies&#8221; en la parte inferior de cada p\u00e1gina de nuestros Sitios.<\/p>\n<p>Para obtener un resumen completo y actualizado de todos los terceros que acceden a su navegador web (a trav\u00e9s de los sitios de Euro Segway o de otro modo), recomendamos instalar un complemento de navegador web creado para este fin. Tambi\u00e9n puede elegir que su computadora le avise cada vez que se env\u00eda una cookie, o puede optar por desactivar todas las cookies. Lo hace a trav\u00e9s de la configuraci\u00f3n de su navegador en cada navegador y dispositivo que utiliza. Cada navegador es un poco diferente, as\u00ed que mire el men\u00fa de ayuda de su navegador para aprender la forma correcta de modificar sus cookies. Si desactiva las cookies, es posible que no tenga acceso a muchas funciones que hacen que nuestros sitios y aplicaciones sean m\u00e1s eficientes y algunos de nuestros servicios no funcionar\u00e1n correctamente.<\/p>\n<h3>USO de sitios y aplicaciones de Euro Segway con productos y servicios de terceros<\/h3>\n<p>Nuestros sitios y aplicaciones le permiten interactuar con una amplia variedad de otros productos y servicios digitales. Por ejemplo, nuestros Sitios y Aplicaciones pueden integrarse con dispositivos de terceros para el seguimiento de actividades, redes sociales, servicios de transmisi\u00f3n de m\u00fasica y otros servicios digitales.<\/p>\n<p>Si elige conectar su cuenta Euro Segway con un dispositivo o cuenta de terceros, sus derechos de privacidad en las plataformas de terceros se regir\u00e1n por sus respectivas pol\u00edticas. Por ejemplo, si elige compartir su actividad de Euro Segway en plataformas de redes sociales de terceros, las pol\u00edticas de esas plataformas rigen los datos que residen all\u00ed.<\/p>\n<p>Nuestros sitios y aplicaciones pueden proporcionar enlaces a otros sitios web y aplicaciones (de terceros) para su conveniencia o informaci\u00f3n. Los sitios y aplicaciones vinculados tienen sus propios avisos o pol\u00edticas de privacidad, que le recomendamos encarecidamente que revise. En la medida en que los sitios web o las aplicaciones vinculados no sean de nuestra propiedad ni est\u00e9n controlados por nosotros, no somos responsables de su contenido, del uso de los sitios web o las aplicaciones, ni de las pr\u00e1cticas de privacidad de los sitios web o las aplicaciones.<\/p>\n<h3>CAMBIOS a Nuestra Pol\u00edtica de Privacidad<\/h3>\n<p>La ley aplicable y nuestras pr\u00e1cticas cambian con el tiempo. Si decidimos actualizar nuestra pol\u00edtica de privacidad, publicaremos los cambios en nuestros Sitios y Aplicaciones. Le recomendamos encarecidamente que lea nuestra pol\u00edtica de privacidad y se mantenga informado de nuestras pr\u00e1cticas. Esta pol\u00edtica de privacidad se modific\u00f3 por \u00faltima vez en mayo de 2018.<\/p>\n<h3>PREGUNTAS y comentarios<\/h3>\n<p>Agradecemos las preguntas, los comentarios y las inquietudes sobre nuestra pol\u00edtica de privacidad y nuestras pr\u00e1cticas de privacidad.<\/p>\n<p>Si desea enviar comentarios o si tiene preguntas o inquietudes o desea ejercer sus derechos relacionados con sus datos personales, comun\u00edquese con Servicios al Consumidor o con nuestro Oficial de Protecci\u00f3n de Datos en nuestra Oficina de Privacidad en friends@eurosegway.com.<\/ p><\/p>\n<p>Si nos contacta con un reclamo de privacidad, se evaluar\u00e1 con el objetivo de resolver el problema de manera oportuna y efectiva. Tambi\u00e9n tiene derecho a presentar una queja ante la autoridad de control correspondiente en el pa\u00eds en el que reside.<\/p>\n","protected":false},"excerpt":{"rendered":"<p>Esta pol\u00edtica de privacidad describe los datos personales recopilados o generados (procesados) cuando utiliza los sitios web (&#8220;Sitios&#8221;) y las aplicaciones m\u00f3viles (&#8220;Aplicaciones&#8221;) de Euro Segway. Tambi\u00e9n explica c\u00f3mo se [&#8230;]<\/p>\n<p><a class=\"btn btn-secondary understrap-read-more-link\" href=\"https:\/\/eurosegway.pt\/fr\/politique-de-confidentialite\/\">Read More&#8230;<span class=\"screen-reader-text\"> from Politique de confidentialit\u00e9<\/span><\/a><\/p>\n","protected":false},"author":1,"featured_media":138,"parent":0,"menu_order":0,"comment_status":"closed","ping_status":"open","template":"page-templates\/fullwidthpage.php","meta":{"_acf_changed":false,"_joinchat":[],"footnotes":""},"class_list":["post-611","page","type-page","status-publish","has-post-thumbnail","hentry"],"acf":[],"_links":{"self":[{"href":"https:\/\/eurosegway.pt\/fr\/wp-json\/wp\/v2\/pages\/611","targetHints":{"allow":["GET"]}}],"collection":[{"href":"https:\/\/eurosegway.pt\/fr\/wp-json\/wp\/v2\/pages"}],"about":[{"href":"https:\/\/eurosegway.pt\/fr\/wp-json\/wp\/v2\/types\/page"}],"author":[{"embeddable":true,"href":"https:\/\/eurosegway.pt\/fr\/wp-json\/wp\/v2\/users\/1"}],"replies":[{"embeddable":true,"href":"https:\/\/eurosegway.pt\/fr\/wp-json\/wp\/v2\/comments?post=611"}],"version-history":[{"count":1,"href":"https:\/\/eurosegway.pt\/fr\/wp-json\/wp\/v2\/pages\/611\/revisions"}],"predecessor-version":[{"id":618,"href":"https:\/\/eurosegway.pt\/fr\/wp-json\/wp\/v2\/pages\/611\/revisions\/618"}],"wp:featuredmedia":[{"embeddable":true,"href":"https:\/\/eurosegway.pt\/fr\/wp-json\/wp\/v2\/media\/138"}],"wp:attachment":[{"href":"https:\/\/eurosegway.pt\/fr\/wp-json\/wp\/v2\/media?parent=611"}],"curies":[{"name":"wp","href":"https:\/\/api.w.org\/{rel}","templated":true}]}}