{"id":674,"date":"2022-10-28T18:09:09","date_gmt":"2022-10-28T18:09:09","guid":{"rendered":"https:\/\/eurosegway.pt\/sobre-nosotros\/"},"modified":"2026-01-22T09:54:10","modified_gmt":"2026-01-22T09:54:10","slug":"sobre-nosotros","status":"publish","type":"page","link":"https:\/\/eurosegway.pt\/es\/sobre-nosotros\/","title":{"rendered":"Sobre nosotros"},"content":{"rendered":"<p><\/p>\n<p>\n  Euro Segway es un operador europeo de tours urbanos especializado en visitas guiadas en Segway.<br \/>\n  Desde que comenzamos en 2009, hemos recibido a m\u00e1s de <strong>30.000 visitantes<\/strong> en <strong>4 ciudades europeas<\/strong>.<br \/>\n  Operamos como <strong>una sola empresa<\/strong>, con equipos locales en cada destino.<br \/>\n  No somos un marketplace ni un revendedor.\n<\/p>\n<h2>Qu\u00e9 hacemos<\/h2>\n<p>\n  Creamos experiencias urbanas guiadas que combinan <strong>diversi\u00f3n, comodidad y conocimiento local<\/strong>.<br \/>\n  Explorar la ciudad en Segway hace que el recorrido sea fluido y accesible, incluso para quienes visitan por primera vez.<br \/>\n  Nuestros tours est\u00e1n dise\u00f1ados para disfrutarse desde el primer minuto, con explicaciones claras y un ritmo relajado.<br \/>\n  Los gu\u00edas locales se encargan de la navegaci\u00f3n, la seguridad y las historias &#8211; los visitantes se centran en la experiencia.\n<\/p>\n<h2>D\u00f3nde operamos<\/h2>\n<ul>\n<li><strong>Lisboa<\/strong> &#8211; Euro Segway Lisbon (est\u00e1s aqu\u00ed ahora)<\/li>\n<li><strong>Praga<\/strong> &#8211; <a href=\"https:\/\/eurosegway.cz\/\" target=\"_blank\" rel=\"noopener\">Euro Segway Prague<\/a><\/li>\n<li><strong>Barcelona<\/strong> &#8211; <a href=\"https:\/\/eurosegway.es\/\" target=\"_blank\" rel=\"noopener\">Euro Segway Barcelona<\/a><\/li>\n<li><strong>Budapest<\/strong> &#8211; <a href=\"https:\/\/eurosegway.hu\/\" target=\"_blank\" rel=\"noopener\">Euro Segway Budapest<\/a><\/li>\n<\/ul>\n<p>\n  En todas las ciudades seguimos los mismos est\u00e1ndares operativos: gu\u00edas locales profesionales,<br \/>\n  estructura clara de los tours, enfoque prioritario en la seguridad y una calidad de servicio constante.<br \/>\n  Cada equipo adapta las rutas y el contenido al entorno local manteniendo la experiencia alineada con la marca Euro Segway.\n<\/p>\n<h2>Nuestra misi\u00f3n<\/h2>\n<p>\n  Las impresiones primero. No es solo un eslogan, es nuestro objetivo.<br \/>\n  Amamos las ciudades en las que operamos y nuestra misi\u00f3n es mostrarlas de una forma sencilla y divertida.<br \/>\n  En nuestros tours no sentir\u00e1s miedo &#8211; descubrir\u00e1s los rincones especiales de la ciudad acompa\u00f1ado por un gu\u00eda local.\n<\/p>\n<p>\n  Los tours de Euro Segway son adecuados para viajeros individuales, parejas, familias,<br \/>\n  despedidas de soltero y soltera, eventos corporativos y mucho m\u00e1s.<br \/>\n  Los tours est\u00e1n pensados para todas las edades (con algunas excepciones en Barcelona,<br \/>\n  donde la edad m\u00ednima para conducir un Segway es de 16 a\u00f1os).<br \/>\n  La persona de mayor edad que hemos tenido ten\u00eda 92 a\u00f1os, y se fue feliz como una ni\u00f1a gracias a la facilidad de movimiento.\n<\/p>\n<h2>Euro Segway en Lisboa<\/h2>\n<p>\n  En Lisboa, Euro Segway se centra exclusivamente en <strong>tours en Segway<\/strong>.<br \/>\n  Los tours se realizan en <strong>4 idiomas<\/strong> y est\u00e1n dise\u00f1ados para viajeros que buscan<br \/>\n  una forma fluida, atractiva y bien organizada de conocer la ciudad.\n<\/p>\n<h3>Opciones de tours en Lisboa<\/h3>\n<ul>\n<li><strong>Tours en grupo abierto<\/strong> &#8211; sociales y con un ritmo cuidadosamente equilibrado<\/li>\n<li><strong>Tours privados<\/strong> &#8211; rutas flexibles y atenci\u00f3n personalizada<\/li>\n<li><strong>Tours corporativos<\/strong> &#8211; actividades estructuradas para equipos<\/li>\n<li><strong>Tours familiares<\/strong> &#8211; c\u00f3modos y f\u00e1ciles de seguir<\/li>\n<li><strong>Experiencias de team building<\/strong> &#8211; pr\u00e1cticas, din\u00e1micas y f\u00e1ciles de organizar<\/li>\n<\/ul>\n<h2>C\u00f3mo funciona tu tour<\/h2>\n<ol>\n<li><strong>Punto de encuentro<\/strong> &#8211; claramente indicado en la p\u00e1gina de cada tour.<\/li>\n<li><strong>Instrucciones de seguridad y entrenamiento<\/strong> &#8211; no se requiere experiencia previa.<\/li>\n<li><strong>Recorrido guiado<\/strong> &#8211; por los principales lugares de inter\u00e9s y miradores.<\/li>\n<li><strong>Final con orientaci\u00f3n<\/strong> &#8211; y recomendaciones locales.<\/li>\n<\/ol>\n<h2>Por qu\u00e9 los visitantes eligen Euro Segway<\/h2>\n<ul>\n<li><strong>Claridad<\/strong> &#8211; estructura clara de principio a fin<\/li>\n<li><strong>Comodidad<\/strong> &#8211; grupos reducidos y atenci\u00f3n personal<\/li>\n<li><strong>Diversi\u00f3n sin estr\u00e9s<\/strong> &#8211; turismo ligero y agradable<\/li>\n<li><strong>Formato familiar<\/strong> &#8211; adecuado para diferentes edades y niveles de experiencia<\/li>\n<li><strong>Conocimiento local<\/strong> &#8211; gu\u00edas informativos, cercanos y accesibles<\/li>\n<li><strong>Calidad constante<\/strong> &#8211; una empresa, un est\u00e1ndar, varias ciudades<\/li>\n<\/ul>\n<h2>Programa de fidelidad<\/h2>\n<p>\n  Despu\u00e9s de cada tour, ofrecemos a nuestros clientes una Tarjeta de Fidelidad.<br \/>\n  Esta tarjeta ofrece un descuento del 10 % para grupos de hasta 10 personas,<br \/>\n  excepto en eventos corporativos.<br \/>\n  Tambi\u00e9n es v\u00e1lida en las oficinas de nuestros socios.<br \/>\n  La lista completa de ciudades donde se acepta est\u00e1 disponible en el sitio web eurosegway.com<\/p>\n","protected":false},"excerpt":{"rendered":"<p>Euro Segway es un operador europeo de tours urbanos especializado en visitas guiadas en Segway. Desde que comenzamos en 2009, hemos recibido a m\u00e1s de 30.000 visitantes en 4 ciudades [&#8230;]<\/p>\n<p><a class=\"btn btn-secondary understrap-read-more-link\" href=\"https:\/\/eurosegway.pt\/es\/sobre-nosotros\/\">Read More&#8230;<span class=\"screen-reader-text\"> from Sobre nosotros<\/span><\/a><\/p>\n","protected":false},"author":1,"featured_media":363,"parent":0,"menu_order":0,"comment_status":"closed","ping_status":"closed","template":"","meta":{"_acf_changed":false,"_joinchat":[],"footnotes":""},"class_list":["post-674","page","type-page","status-publish","has-post-thumbnail","hentry"],"acf":[],"_links":{"self":[{"href":"https:\/\/eurosegway.pt\/es\/wp-json\/wp\/v2\/pages\/674","targetHints":{"allow":["GET"]}}],"collection":[{"href":"https:\/\/eurosegway.pt\/es\/wp-json\/wp\/v2\/pages"}],"about":[{"href":"https:\/\/eurosegway.pt\/es\/wp-json\/wp\/v2\/types\/page"}],"author":[{"embeddable":true,"href":"https:\/\/eurosegway.pt\/es\/wp-json\/wp\/v2\/users\/1"}],"replies":[{"embeddable":true,"href":"https:\/\/eurosegway.pt\/es\/wp-json\/wp\/v2\/comments?post=674"}],"version-history":[{"count":2,"href":"https:\/\/eurosegway.pt\/es\/wp-json\/wp\/v2\/pages\/674\/revisions"}],"predecessor-version":[{"id":1292,"href":"https:\/\/eurosegway.pt\/es\/wp-json\/wp\/v2\/pages\/674\/revisions\/1292"}],"wp:featuredmedia":[{"embeddable":true,"href":"https:\/\/eurosegway.pt\/es\/wp-json\/wp\/v2\/media\/363"}],"wp:attachment":[{"href":"https:\/\/eurosegway.pt\/es\/wp-json\/wp\/v2\/media?parent=674"}],"curies":[{"name":"wp","href":"https:\/\/api.w.org\/{rel}","templated":true}]}}