{"id":613,"date":"2022-10-16T12:45:06","date_gmt":"2022-10-16T12:45:06","guid":{"rendered":"https:\/\/eurosegway.pt\/datenschutz-bestimmungen\/"},"modified":"2022-12-17T11:46:06","modified_gmt":"2022-12-17T11:46:06","slug":"datenschutz-bestimmungen","status":"publish","type":"page","link":"https:\/\/eurosegway.pt\/de\/datenschutz-bestimmungen\/","title":{"rendered":"Datenschutz-Bestimmungen"},"content":{"rendered":"<p>Wenn Sie sich daf\u00fcr entscheiden, Ihr Euro Segway-Konto mit einem Ger\u00e4t oder Konto eines Drittanbieters zu verbinden, unterliegen Ihre Datenschutzrechte auf Plattformen von Drittanbietern den jeweiligen Richtlinien. Wenn Sie beispielsweise Ihre Euro Segway-Aktivit\u00e4ten auf Social-Media-Plattformen von Drittanbietern teilen, gelten die Richtlinien dieser Plattformen f\u00fcr die darauf gespeicherten Daten.<\/p>\n<p>Unsere Websites und Anwendungen k\u00f6nnen zu Ihrer Bequemlichkeit oder Information Links zu anderen Websites und Anwendungen (Drittanbieter) enthalten. Verlinkte Websites und Apps haben ihre eigenen Datenschutzhinweise oder -richtlinien, deren \u00dcberpr\u00fcfung wir Ihnen empfehlen. Soweit verlinkte Websites oder Apps nicht unser Eigentum sind oder von uns kontrolliert werden, sind wir nicht verantwortlich f\u00fcr deren Inhalt, die Nutzung der Websites oder Apps oder die Datenschutzpraktiken der Websites oder Apps.<\/p>\n<h3>\u00c4NDERUNGEN unserer Datenschutzrichtlinie<\/h3>\n<p>Geltende Gesetze und unsere Praktiken \u00e4ndern sich im Laufe der Zeit. Wenn wir uns entscheiden, unsere Datenschutzrichtlinie zu aktualisieren, werden wir die \u00c4nderungen auf unseren Websites und Apps ver\u00f6ffentlichen. Wir empfehlen Ihnen dringend, unsere Datenschutzrichtlinie zu lesen und sich \u00fcber unsere Praktiken auf dem Laufenden zu halten. Diese Datenschutzerkl\u00e4rung wurde zuletzt im Mai 2018 ge\u00e4ndert.<\/p>\n<h3>FRAGEN UND KOMMENTARE<\/h3>\n<p>Wir freuen uns \u00fcber Fragen, Kommentare und Bedenken zu unserer Datenschutzrichtlinie und unseren Datenschutzpraktiken.<\/p>\n<p>Wenn Sie Feedback geben m\u00f6chten oder wenn Sie Fragen oder Bedenken haben oder Ihre Rechte in Bezug auf Ihre personenbezogenen Daten aus\u00fcben m\u00f6chten, wenden Sie sich bitte an den Kundenservice oder unseren Datenschutzbeauftragten in unserem Datenschutzb\u00fcro unter friends@erosegway.com.&lt;\/ p&gt; p&gt;<\/p>\n<p>Wenn Sie sich mit einer Datenschutzbeschwerde an uns wenden, wird diese mit dem Ziel ausgewertet, das Problem zeitnah und effektiv zu l\u00f6sen. Sie haben auch das Recht, eine Beschwerde bei der zust\u00e4ndigen Aufsichtsbeh\u00f6rde in dem Land einzureichen, in dem Sie wohnen.<\/p>\n<p><span style=\"text-decoration: underline;\">Um Informationen \u00fcber unsere Produkte, Dienstleistungen, Veranstaltungen und andere Werbezwecke zu \u00fcbermitteln<\/span><\/p>\n<p>Wenn Sie zustimmen, senden wir Ihnen Marketingmitteilungen und Neuigkeiten zu den Produkten, Dienstleistungen, Veranstaltungen und anderen Werbeaktionen von Euro Segway. Sie k\u00f6nnen sich jederzeit abmelden, nachdem Sie Ihre Zustimmung gegeben haben.<\/p>\n<p>Wenn Sie bereits Kunde von Euro Segway sind (z. B. wenn Sie eine Bestellung bei uns aufgegeben haben), k\u00f6nnen wir die von Ihnen angegebenen Kontaktdaten verwenden, um Ihnen Marketingmitteilungen \u00fcber \u00e4hnliche Produkte oder Dienstleistungen von Euro Segway zuzusenden, sofern dies zul\u00e4ssig ist Gesetz (es sei denn, Sie haben sich abgemeldet). In anderen F\u00e4llen bitten wir Sie um Ihre Zustimmung, Ihnen Marketinginformationen zuzusenden. Wir k\u00f6nnen die Informationen, die Sie uns zur Verf\u00fcgung stellen, sowie Informationen von anderen Euro Segway-Produkten oder -Diensten verwenden \u2013 wie z. B. Ihre Nutzung der Euro Segway-Websites und -Apps, Ihre Besuche oder Eink\u00e4ufe in Euro Segway-Gesch\u00e4ften, Ihre Teilnahme an Euro Segway-Veranstaltungen und Wettbewerbe &#8211; um Mitteilungen \u00fcber Produkte und Dienstleistungen zu personalisieren, die f\u00fcr Sie interessant sein k\u00f6nnten.<\/p>\n<p><span style=\"text-decoration: underline;\">Um unser Gesch\u00e4ft, unsere Produkte und Dienstleistungen zu betreiben, zu verbessern und zu pflegen<\/span><\/p>\n<p>Wir verwenden die personenbezogenen Daten, die Sie uns zur Verf\u00fcgung stellen, um unser Gesch\u00e4ft zu betreiben. Wenn Sie beispielsweise einen Kauf t\u00e4tigen, verwenden wir diese Informationen f\u00fcr Buchhaltung, Audits und andere interne Funktionen. Wir k\u00f6nnen personenbezogene Daten dar\u00fcber verwenden, wie Sie unsere Produkte und Dienste nutzen, um Ihre Benutzererfahrung zu verbessern und uns bei der Diagnose von technischen und Dienstproblemen und der Verwaltung unserer Websites und Apps zu helfen.<\/p>\n<p><span style=\"text-decoration: underline;\">Um die Rechte, das Eigentum oder die Sicherheit von uns oder anderen zu sch\u00fctzen<\/span><\/p>\n<p>Wir k\u00f6nnen Ihre personenbezogenen Daten dar\u00fcber, wie Sie unsere Websites und Apps nutzen, auch verwenden, um Betrug, Missbrauch, illegale Nutzung, Verst\u00f6\u00dfe gegen unsere Nutzungsbedingungen zu verhindern oder aufzudecken und um Gerichtsbeschl\u00fcssen, beh\u00f6rdlichen Anfragen oder geltendem Recht nachzukommen.&lt; \/p&gt;<\/p>\n<p><span style=\"text-decoration: underline;\">F\u00fcr allgemeine Forschungs- und Analysezwecke<\/span><\/p>\n<p>Wir verwenden Daten dar\u00fcber, wie unsere Besucher unsere Websites, Apps und Dienste nutzen, um das Verhalten oder die Vorlieben unserer Kunden zu verstehen. Beispielsweise k\u00f6nnen wir Informationen dar\u00fcber verwenden, wie Besucher von Euro Segway.com nach Produkten suchen und diese finden, um besser zu verstehen, wie wir Produktangebote in unserem Gesch\u00e4ft am besten organisieren und pr\u00e4sentieren k\u00f6nnen.<\/p>\n<p><span style=\"text-decoration: underline;\">Andere Zwecke<\/span><\/p>\n<p>Wir k\u00f6nnen Ihre personenbezogenen Daten auch auf andere Weise verwenden und werden zum Zeitpunkt der Erhebung ausdr\u00fccklich darauf hinweisen und gegebenenfalls Ihre Zustimmung einholen.<\/p>\n<p><span style=\"text-decoration: underline;\">Rechtsgrundlage<\/span><\/p>\n<p>Um Ihre personenbezogenen Daten zu verarbeiten, st\u00fctzen wir uns auf bestimmte Rechtsgrundlagen, je nachdem, wie Sie mit unseren Websites und Apps interagieren.<\/p>\n<p>Wenn Sie Euro Segway-Produkte von unseren Websites und Apps kaufen, ben\u00f6tigen wir Ihre personenbezogenen Daten, um unseren Vertrag mit Ihnen zu erf\u00fcllen. Zum Beispiel ben\u00f6tigen wir Ihre Zahlungs- und Kontaktdaten, um Ihre Bestellung zu liefern.<br \/>\nWenn Sie unsere Apps nutzen, verlassen wir uns auf Ihre Zustimmung zur Verarbeitung und f\u00fcr bestimmte begrenzte Zwecke, um unseren Vertrag mit Ihnen zu erf\u00fcllen (z. App-K\u00e4ufe).<br \/>\nWir st\u00fctzen uns auch auf andere rechtliche Gr\u00fcnde, wie unsere legitimen Interessen als Unternehmen, um einer gesetzlichen Verpflichtung nachzukommen oder um Ihre lebenswichtigen Interessen zu sch\u00fctzen.<\/p>\n<h3>TEILEN Ihrer personenbezogenen Daten<\/h3>\n<p><span style=\"text-decoration: underline;\">Euro Segway\u2019s Sharing<\/span><\/p>\n<p>Euro Segway teilt Ihre personenbezogenen Daten mit:<\/p>\n<p>Unternehmen von Euro Segway f\u00fcr die oben genannten Zwecke und unter den oben genannten Bedingungen.<br \/>\nDrittanbieter, die personenbezogene Daten im Auftrag von Euro Segway verarbeiten, beispielsweise um Kreditkarten und Zahlungen, Versand und Lieferungen zu verarbeiten, zu hosten, zu verwalten und zu warten unsere Daten, E-Mails verteilen, Recherchen und Analysen durchf\u00fchren, Marken- und Produktwerbung verwalten sowie bestimmte Dienste und Funktionen verwalten. Bei der Nutzung von Drittanbietern schlie\u00dfen wir Vereinbarungen ab, die diese verpflichten, geeignete technische und organisatorische Ma\u00dfnahmen zum Schutz Ihrer personenbezogenen Daten zu ergreifen.<br \/>\nAndere Dritte, soweit dies erforderlich ist, um: (i) einer beh\u00f6rdlichen Aufforderung oder einem Gericht nachzukommen Anordnung oder geltendes Recht; (ii) die illegale Nutzung unserer Websites und Apps oder Verst\u00f6\u00dfe gegen die Nutzungsbedingungen unserer Websites und Apps und unsere Richtlinien zu verhindern; (iii) uns gegen Anspr\u00fcche Dritter verteidigen; und (iv) Unterst\u00fctzung bei der Betrugspr\u00e4vention oder -ermittlung (z. B. F\u00e4lschung).<br \/>\nan andere Dritte, wenn Sie Ihre Zustimmung gegeben haben.<br \/>\nWir k\u00f6nnen auch personenbezogene Daten, die wir \u00fcber Sie haben, \u00fcbertragen, falls wir alle oder einen Teil unseres Gesch\u00e4fts oder unserer Verm\u00f6genswerte verkaufen oder \u00fcbertragen (einschlie\u00dflich im Falle einer Umstrukturierung, Ausgliederung, Aufl\u00f6sung oder Liquidation).<\/p>\n<p><span style=\"text-decoration: underline;\">Ihre Freigabe<\/span><\/p>\n<p>Wenn Sie bestimmte soziale Funktionen auf unseren Websites oder Apps verwenden, k\u00f6nnen Sie ein \u00f6ffentliches Profil erstellen, das Informationen wie Ihren Bildschirmnamen, Ihr Profilbild und Ihre Heimatstadt enthalten kann. Sie k\u00f6nnen auch Inhalte mit Ihren Freunden oder der \u00d6ffentlichkeit teilen, einschlie\u00dflich Informationen \u00fcber Ihre Euro Segway-Aktivit\u00e4t. Wir empfehlen Ihnen, die Tools zu verwenden, die wir zur Verwaltung des sozialen Teilens von Euro Segway bereitstellen, um zu steuern, welche Informationen Sie \u00fcber die sozialen Funktionen von Euro Segway zur Verf\u00fcgung stellen.<\/p>\n<h3>SCHUTZ und VERWALTUNG IHRER PERS\u00d6NLICHEN DATEN<\/h3>\n<p><span style=\"text-decoration: underline;\">Verschl\u00fcsselung &amp; Sicherheit<\/span><\/p>\n<p>Wir verwenden eine Vielzahl von technischen und organisatorischen Sicherheitsma\u00dfnahmen, einschlie\u00dflich Verschl\u00fcsselungs- und Authentifizierungstools, um die Sicherheit Ihrer personenbezogenen Daten zu gew\u00e4hrleisten.<\/p>\n<p><span style=\"text-decoration: underline;\">Internationale \u00dcbermittlung Ihrer personenbezogenen Daten<\/span><\/p>\n<p>Die personenbezogenen Daten, die wir im Zusammenhang mit unseren Websites und Apps erheben (oder verarbeiten), werden in den USA und anderen L\u00e4ndern gespeichert. Einige der Datenempf\u00e4nger, mit denen Euro Segway Ihre personenbezogenen Daten teilt, befinden sich m\u00f6glicherweise in anderen L\u00e4ndern als dem Land, in dem Ihre personenbezogenen Daten urspr\u00fcnglich erhoben wurden. Die Gesetze in diesen L\u00e4ndern bieten m\u00f6glicherweise nicht das gleiche Datenschutzniveau wie das Land, in dem Sie Ihre Daten urspr\u00fcnglich bereitgestellt haben. Wenn wir Ihre personenbezogenen Daten jedoch an Empf\u00e4nger in anderen L\u00e4ndern, einschlie\u00dflich der USA, \u00fcbermitteln, werden wir diese personenbezogenen Daten wie in dieser Datenschutzrichtlinie beschrieben und in \u00dcbereinstimmung mit geltendem Recht sch\u00fctzen.<\/p>\n<p>Wir ergreifen Ma\u00dfnahmen, um die geltenden gesetzlichen Anforderungen f\u00fcr die \u00dcbermittlung personenbezogener Daten an Empf\u00e4nger in L\u00e4ndern au\u00dferhalb des EWR oder der Schweiz einzuhalten, die kein angemessenes Datenschutzniveau bieten. Wir verwenden eine Vielzahl von Ma\u00dfnahmen, um sicherzustellen, dass Ihre in diese L\u00e4nder \u00fcbermittelten personenbezogenen Daten einen angemessenen Schutz gem\u00e4\u00df den Datenschutzbestimmungen erhalten; Dazu geh\u00f6rt die Unterzeichnung der EU-Standardvertragsklauseln, die \u00dcberpr\u00fcfung, ob der Empf\u00e4nger verbindliche Unternehmensregeln angenommen hat oder sich an das EU-US- und das Schweiz-US-Datenschutzschild-Rahmenwerk h\u00e4lt. Wenn personenbezogene Daten innerhalb von Euro Segway \u00fcbertragen werden, verwenden wir eine konzerninterne Daten\u00fcbermittlungsvereinbarung.<\/p>\n<p><span style=\"text-decoration: underline;\">Aufbewahrung Ihrer personenbezogenen Daten<\/span><\/p>\n<p>Ihre personenbezogenen Daten werden so lange aufbewahrt, wie es zur Erf\u00fcllung der in dieser Datenschutzrichtlinie dargelegten Zwecke erforderlich ist (es sei denn, das geltende Recht schreibt eine l\u00e4ngere Aufbewahrungsfrist vor). Im Allgemeinen bedeutet dies, dass wir Ihre personenbezogenen Daten so lange aufbewahren, wie Sie Ihr Euro Segway-Konto f\u00fchren. Personenbezogene Daten im Zusammenhang mit Produktk\u00e4ufen speichern wir l\u00e4nger, um gesetzlichen Verpflichtungen nachzukommen (z. B. Steuer- und Verkaufsgesetze und zu Gew\u00e4hrleistungszwecken). Klicken Sie hier, um mehr zu erfahren f\u00fcr: \u00d6sterreich, Belgien, Bulgarien, Kroatien, Tschechische Republik, D\u00e4nemark, Finnland, Ungarn, Irland, Luxemburg, Norwegen, Portugal, Rum\u00e4nien, Slowakei, Slowenien, Schweden, Schweiz, Vereinigtes K\u00f6nigreich.<\/p>\n<h3>IHRE RECHTE in Bezug auf Ihre personenbezogenen Daten<\/h3>\n<p>Sie haben das Recht zu verlangen: (i) Zugang zu Ihren personenbezogenen Daten; (ii) eine elektronische Kopie Ihrer personenbezogenen Daten (Portabilit\u00e4t); (iii) Berichtigung Ihrer personenbezogenen Daten, wenn diese unvollst\u00e4ndig oder unrichtig sind; oder (iv) L\u00f6schung oder Einschr\u00e4nkung Ihrer personenbezogenen Daten unter bestimmten Umst\u00e4nden, die durch geltendes Recht vorgesehen sind. Diese Rechte sind nicht absolut. Wenn wir Ihre Einwilligung zur Verarbeitung Ihrer personenbezogenen Daten eingeholt haben, haben Sie das Recht, Ihre Einwilligung jederzeit zu widerrufen.<\/p>\n<p>Wenn Sie eine Kopie Ihrer personenbezogenen Daten anfordern oder eines Ihrer anderen Rechte aus\u00fcben m\u00f6chten, kontaktieren Sie uns bitte \u00fcber die Kontaktdaten im Abschnitt \u201eFragen und Feedback\u201c weiter unten.<\/p>\n<p><span style=\"text-decoration: underline;\">Deaktivierung von Direktmarketing<\/span><\/p>\n<p>Wenn Sie ein Euro Segway-Konto haben, k\u00f6nnen Sie sich vom Erhalt der Marketingmitteilungen von Euro Segway abmelden, indem Sie Ihre Einstellungen im Abschnitt \u201eMein Profil anzeigen oder \u00e4ndern\u201c auf unseren Websites \u00e4ndern. Sie k\u00f6nnen sich auch abmelden, indem Sie Ihre E-Mail-Abonnements \u00e4ndern, indem Sie auf den Abmeldelink klicken oder die in der Nachricht enthaltenen Abmeldeanweisungen befolgen. Alternativ k\u00f6nnen Sie uns auch \u00fcber die Kontaktdaten im Abschnitt \u201eFragen und Feedback\u201c unten kontaktieren.<\/p>\n<p><strong>COOKIES und Pixel-Tags<\/strong><\/p>\n<p>Euro Segway sammelt Informationen, die personenbezogene Daten enthalten k\u00f6nnen, von Ihrem Browser, wenn Sie unsere Websites nutzen. Wir verwenden eine Vielzahl von Methoden, wie Cookies und Pixel-Tags, um diese Informationen zu sammeln, die Ihre (i) IP-Adresse; (ii) Eindeutige Cookie-Kennung, Cookie-Informationen und Informationen dar\u00fcber, ob Ihr Ger\u00e4t \u00fcber Software verf\u00fcgt, um auf bestimmte Funktionen zuzugreifen; (iii) eindeutige Ger\u00e4tekennung und Ger\u00e4tetyp; (iv) Domain, Browsertyp und -sprache, (v) Betriebssystem und Systemeinstellungen; (vi) Land und Zeitzone;(vi) Land und Zeitzone; (vii) zuvor besuchte Websites; (viii) Informationen \u00fcber Ihre Interaktion mit unseren Websites wie Klickverhalten, K\u00e4ufe und angegebene Pr\u00e4ferenzen; und (ix) Zugriffszeiten und verweisende URLs.<\/p>\n<p>Drittparteien k\u00f6nnen auch Informationen \u00fcber Websites durch Cookies, Plug-Ins und Widgets von Drittanbietern sammeln. Diese Drittanbieter erheben Daten direkt von Ihrem Webbrowser und die Verarbeitung dieser Daten unterliegt ihren eigenen Datenschutzrichtlinien.<\/p>\n<p>Wir verwenden Cookies und Pixel-Tags, um die Nutzung der Websites durch unsere Kunden zu verfolgen und die Vorlieben unserer Kunden zu verstehen (z. B. L\u00e4nder- und Sprachauswahl). Dies erm\u00f6glicht es uns, unseren Kunden Dienstleistungen anzubieten und ihre Online-Erfahrung zu verbessern. Wir verwenden Cookies und Pixel-Tags auch, um aggregierte Daten \u00fcber den Website-Verkehr und die Website-Interaktion zu erhalten, um Trends zu erkennen und Statistiken zu erhalten, damit wir unsere Websites verbessern k\u00f6nnen. Auf unseren Websites werden im Allgemeinen drei Kategorien von Cookies verwendet:<\/p>\n<ul>\n<li>Funktional: Diese Cookies sind f\u00fcr grundlegende Website-Funktionen erforderlich und daher immer aktiviert. Dazu geh\u00f6ren Cookies, die es erm\u00f6glichen, an Sie erinnert zu werden, wenn Sie unsere Websites innerhalb einer einzigen Sitzung oder, wenn Sie dies w\u00fcnschen, von Sitzung zu Sitzung erkunden. Sie helfen dabei, den Warenkorb- und Bezahlvorgang zu erm\u00f6glichen sowie bei Sicherheitsfragen und der Einhaltung von Vorschriften.<\/li>\n<li>Leistung: Mit diesen Cookies k\u00f6nnen wir die Funktionalit\u00e4t unserer Websites verbessern, indem wir die Nutzung verfolgen. In einigen F\u00e4llen verbessern diese Cookies die Geschwindigkeit, mit der wir Ihre Anfrage bearbeiten k\u00f6nnen, und erm\u00f6glichen es uns, die von Ihnen ausgew\u00e4hlten Website-Pr\u00e4ferenzen zu speichern. Das Ablehnen dieser Cookies kann zu schlecht zugeschnittenen Empfehlungen und einer langsamen Leistung der Website f\u00fchren.<\/li>\n<li>Soziale Medien und Werbung: Social-Media-Cookies bieten die M\u00f6glichkeit, Sie mit Ihren sozialen Netzwerken zu verbinden und Inhalte von unseren Websites \u00fcber soziale Medien zu teilen. Werbe-Cookies (von Drittanbietern) sammeln Informationen, um Werbung besser auf Ihre Interessen abzustimmen, sowohl innerhalb als auch au\u00dferhalb unserer Websites. In einigen F\u00e4llen beinhalten diese Cookies die Verarbeitung Ihrer personenbezogenen Daten. Das Ablehnen dieser Cookies kann dazu f\u00fchren, dass Werbung angezeigt wird, die f\u00fcr Sie nicht so relevant ist, oder Sie nicht in der Lage sind, sich effektiv mit Facebook, Twitter oder anderen sozialen Netzwerken zu verlinken und\/oder Ihnen nicht erlauben, Inhalte in sozialen Medien zu teilen.<\/li>\n<\/ul>\n<p>Sie k\u00f6nnen Ihre Pr\u00e4ferenz jederzeit \u00e4ndern, indem Sie die &#8220;Cookie-Einstellungen&#8221; unten auf jeder Seite unserer Websites besuchen.<\/p>\n<p>F\u00fcr eine umfassende und aktuelle Zusammenfassung aller Drittparteien, die auf Ihren Webbrowser zugreifen (\u00fcber Euro Segway Sites oder anderweitig), empfehlen wir die Installation eines f\u00fcr diesen Zweck erstellten Webbrowser-Plugins. Sie k\u00f6nnen sich auch daf\u00fcr entscheiden, dass Ihr Computer Sie jedes Mal warnt, wenn ein Cookie gesendet wird, oder Sie k\u00f6nnen alle Cookies deaktivieren. Sie tun dies \u00fcber Ihre Browsereinstellungen in jedem Browser und Ger\u00e4t, das Sie verwenden. Jeder Browser ist ein wenig anders, also sehen Sie sich das Hilfemen\u00fc Ihres Browsers an, um zu erfahren, wie Sie Ihre Cookies richtig \u00e4ndern k\u00f6nnen. Wenn Sie Cookies deaktivieren, haben Sie m\u00f6glicherweise keinen Zugriff auf viele Funktionen, die unsere Websites und Apps effizienter machen, und einige unserer Dienste funktionieren nicht richtig.<\/p>\n<h3>VERWENDUNG von Euro Segway-Websites und -Apps mit Produkten und Diensten von Drittanbietern<\/h3>\n<p>Unsere Websites und Apps erm\u00f6glichen Ihnen die Interaktion mit einer Vielzahl anderer digitaler Produkte und Dienste. Beispielsweise k\u00f6nnen unsere Websites und Apps mit Ger\u00e4ten von Drittanbietern zur Aktivit\u00e4tsverfolgung, sozialen Netzwerken, Musik-Streaming-Diensten und anderen digitalen Diensten integriert werden.<\/p>\n<p>Wenn Sie Ihr Euro Segway-Konto mit einem Ger\u00e4t oder Konto eines Drittanbieters verbinden, unterliegen Ihre Datenschutzrechte auf Plattformen von Drittanbietern den jeweiligen Richtlinien. Wenn Sie sich beispielsweise daf\u00fcr entscheiden, Ihre Euro Segway-Aktivit\u00e4ten auf Social-Media-Plattformen von Drittanbietern zu teilen, gelten die Richtlinien dieser Plattformen f\u00fcr die dort gespeicherten Daten.<\/p>\n<p>Unsere Websites und Apps k\u00f6nnen zu Ihrer Bequemlichkeit oder Information Links zu anderen (Drittanbieter-)Websites und -Apps enthalten. Verlinkte Websites und Apps haben ihre eigenen Datenschutzhinweise oder -richtlinien, deren \u00dcberpr\u00fcfung wir Ihnen dringend empfehlen. Soweit verlinkte Websites oder Apps nicht unser Eigentum sind oder von uns kontrolliert werden, sind wir nicht verantwortlich f\u00fcr deren Inhalt, die Nutzung der Websites oder Apps oder die Datenschutzpraktiken der Websites oder Apps.<\/p>\n<h3>\u00c4NDERUNGEN unserer Datenschutzrichtlinie<\/h3>\n<p>Das geltende Recht und unsere Praktiken \u00e4ndern sich im Laufe der Zeit. Wenn wir uns entscheiden, unsere Datenschutzrichtlinie zu aktualisieren, werden wir die \u00c4nderungen auf unseren Websites und Apps ver\u00f6ffentlichen. Wir empfehlen Ihnen dringend, unsere Datenschutzrichtlinie zu lesen und sich \u00fcber unsere Praktiken auf dem Laufenden zu halten. Diese Datenschutzerkl\u00e4rung wurde zuletzt im Mai 2018 ge\u00e4ndert.<\/p>\n<h3>FRAGEN und Feedback<\/h3>\n<p>Wir freuen uns \u00fcber Fragen, Kommentare und Bedenken zu unserer Datenschutzrichtlinie und unseren Datenschutzpraktiken.<\/p>\n<p>Wenn Sie Feedback geben m\u00f6chten oder wenn Sie Fragen oder Bedenken haben oder Ihre Rechte in Bezug auf Ihre personenbezogenen Daten aus\u00fcben m\u00f6chten, wenden Sie sich bitte an den Verbraucherservice oder unseren Datenschutzbeauftragten in unserem Datenschutzb\u00fcro unter friends@erosegway.com.&lt;\/ p&gt;<\/p>\n<p>Wenn Sie sich mit einer Datenschutzbeschwerde an uns wenden, wird diese mit dem Ziel gepr\u00fcft, das Problem zeitnah und effektiv zu l\u00f6sen. Sie haben auch das Recht, eine Beschwerde bei der zust\u00e4ndigen Aufsichtsbeh\u00f6rde in dem Land einzureichen, in dem Sie wohnen.<\/p>\n","protected":false},"excerpt":{"rendered":"<p>Wenn Sie sich daf\u00fcr entscheiden, Ihr Euro Segway-Konto mit einem Ger\u00e4t oder Konto eines Drittanbieters zu verbinden, unterliegen Ihre Datenschutzrechte auf Plattformen von Drittanbietern den jeweiligen Richtlinien. Wenn Sie beispielsweise [&#8230;]<\/p>\n<p><a class=\"btn btn-secondary understrap-read-more-link\" href=\"https:\/\/eurosegway.pt\/de\/datenschutz-bestimmungen\/\">Weiterlesen&#8230;<span class=\"screen-reader-text\"> from Datenschutz-Bestimmungen<\/span><\/a><\/p>\n","protected":false},"author":1,"featured_media":139,"parent":0,"menu_order":0,"comment_status":"closed","ping_status":"open","template":"page-templates\/fullwidthpage.php","meta":{"_acf_changed":false,"_joinchat":[],"footnotes":""},"class_list":["post-613","page","type-page","status-publish","has-post-thumbnail","hentry"],"acf":[],"_links":{"self":[{"href":"https:\/\/eurosegway.pt\/de\/wp-json\/wp\/v2\/pages\/613","targetHints":{"allow":["GET"]}}],"collection":[{"href":"https:\/\/eurosegway.pt\/de\/wp-json\/wp\/v2\/pages"}],"about":[{"href":"https:\/\/eurosegway.pt\/de\/wp-json\/wp\/v2\/types\/page"}],"author":[{"embeddable":true,"href":"https:\/\/eurosegway.pt\/de\/wp-json\/wp\/v2\/users\/1"}],"replies":[{"embeddable":true,"href":"https:\/\/eurosegway.pt\/de\/wp-json\/wp\/v2\/comments?post=613"}],"version-history":[{"count":2,"href":"https:\/\/eurosegway.pt\/de\/wp-json\/wp\/v2\/pages\/613\/revisions"}],"predecessor-version":[{"id":716,"href":"https:\/\/eurosegway.pt\/de\/wp-json\/wp\/v2\/pages\/613\/revisions\/716"}],"wp:featuredmedia":[{"embeddable":true,"href":"https:\/\/eurosegway.pt\/de\/wp-json\/wp\/v2\/media\/139"}],"wp:attachment":[{"href":"https:\/\/eurosegway.pt\/de\/wp-json\/wp\/v2\/media?parent=613"}],"curies":[{"name":"wp","href":"https:\/\/api.w.org\/{rel}","templated":true}]}}